{"id":3257,"date":"2021-02-26T17:31:27","date_gmt":"2021-02-26T17:31:27","guid":{"rendered":"https:\/\/www.promusicsmallorca.org\/?post_type=product&#038;p=3257"},"modified":"2022-03-20T17:33:41","modified_gmt":"2022-03-20T17:33:41","slug":"los-peligrosos-gentlemen-serious-rhythm-and-blues-party","status":"publish","type":"product","link":"https:\/\/www.promusicsmallorca.org\/es\/catalogo-promusics\/los-peligrosos-gentlemen-serious-rhythm-and-blues-party\/","title":{"rendered":"Los Peligrosos Gentlemen \u00abSerious Rhythm and Blues Party\u00bb"},"content":{"rendered":"<p>Los Peligrosos Gentlemen \u201cSerious Rhythm and Blues Party\u201d es una gran fiesta del Blues y el Rhythm and Blues, donde se conjuga la experiencia de una formaci\u00f3n consolidada (Los Peligrosos Gentlemen), ya de por s\u00ed reconocida por su calidad y diversi\u00f3n, con el desbordante talento y creatividad de tres prodigiosos instrumentistas de Jazz. El resultado es un espect\u00e1culo cargado de energ\u00eda y ritmo que hace al p\u00fablico sentir verdadera pasi\u00f3n por el Blues.<\/p>\n<pre style=\"text-align: center;\"><a href=\"https:\/\/youtu.be\/qR3saPEaSTs\" target=\"_blank\" rel=\"noopener\">https:\/\/youtu.be\/qR3saPEaSTs<\/a>\r\n<a href=\"https:\/\/youtu.be\/McLtgd3UF4o\" target=\"_blank\" rel=\"noopener\">https:\/\/youtu.be\/McLtgd3UF4o<\/a>\r\n<a href=\"https:\/\/www.facebook.com\/Los-Peligrosos-Gentlemen-700824746613650\" target=\"_blank\" rel=\"noopener\">https:\/\/www.facebook.com\/Los-Peligrosos-Gentlemen-700824746613650<\/a><\/pre>\n<p style=\"text-align: right;\">Ignacio Sim\u00f3 Orpi Moragues: 634537202 \/ <a href=\"mailto:lospeligrososgentlemen@gmail.com\" target=\"_blank\" rel=\"noopener\">lospeligrososgentlemen@gmail.com<\/a><\/p>\n","protected":false},"excerpt":{"rendered":"<p style=\"text-align: center;\">Ignacio Sim\u00f3 Orpi &#8211; Voz y arm\u00f3nica<br \/>\nBaltasar Bordoy &#8211; Guitarra y coros<br \/>\nPablo Di Salvo &#8211; Bajo y coros<br \/>\nDavid Soldavini &#8211; Bater\u00eda y coros<br \/>\nGori Matas &#8211; Hammond y coros<br \/>\nPep Garau &#8211; Trompeta<br \/>\nMiquel \u00c4ngel Rigo &#8211; Saxo<\/p>\n","protected":false},"featured_media":3260,"template":"","meta":{"_et_pb_use_builder":"","_et_pb_old_content":"","_et_gb_content_width":""},"product_cat":[75,239,66],"product_tag":[106],"yoast_head":"<!-- This site is optimized with the Yoast SEO Premium plugin v15.7 - https:\/\/yoast.com\/wordpress\/plugins\/seo\/ -->\n<title>Los Peligrosos Gentlemen &quot;Serious Rhythm and Blues Party&quot; - ProM\u00fasics Mallorca<\/title>\n<meta name=\"robots\" content=\"index, follow, max-snippet:-1, max-image-preview:large, max-video-preview:-1\" \/>\n<link rel=\"canonical\" href=\"https:\/\/www.promusicsmallorca.org\/es\/catalogo-promusics\/los-peligrosos-gentlemen-serious-rhythm-and-blues-party\/\" \/>\n<meta property=\"og:locale\" content=\"es_ES\" \/>\n<meta property=\"og:type\" content=\"article\" \/>\n<meta property=\"og:title\" content=\"Los Peligrosos Gentlemen &quot;Serious Rhythm and Blues Party&quot; - ProM\u00fasics Mallorca\" \/>\n<meta property=\"og:description\" content=\"Ignacio Sim\u00f3 Orpi - Voz y arm\u00f3nica Baltasar Bordoy - Guitarra y coros Pablo Di Salvo - Bajo y coros David Soldavini - Bater\u00eda y coros Gori Matas - Hammond y coros Pep Garau - Trompeta Miquel \u00c4ngel Rigo - Saxo\" \/>\n<meta property=\"og:url\" content=\"https:\/\/www.promusicsmallorca.org\/es\/catalogo-promusics\/los-peligrosos-gentlemen-serious-rhythm-and-blues-party\/\" \/>\n<meta property=\"og:site_name\" content=\"ProM\u00fasics Mallorca\" \/>\n<meta property=\"article:publisher\" content=\"https:\/\/www.facebook.com\/promusicsmallorca\" \/>\n<meta property=\"article:modified_time\" content=\"2022-03-20T17:33:41+00:00\" \/>\n<meta property=\"og:image\" content=\"https:\/\/i0.wp.com\/www.promusicsmallorca.org\/wp-content\/uploads\/2021\/02\/serious-.jpg?fit=1600%2C1276&#038;ssl=1\" \/>\n\t<meta property=\"og:image:width\" content=\"1600\" \/>\n\t<meta property=\"og:image:height\" content=\"1276\" \/>\n<meta name=\"twitter:card\" content=\"summary_large_image\" \/>\n<meta name=\"twitter:label1\" content=\"Tiempo de lectura\">\n\t<meta name=\"twitter:data1\" content=\"1 minuto\">\n<script type=\"application\/ld+json\" class=\"yoast-schema-graph\">{\"@context\":\"https:\/\/schema.org\",\"@graph\":[{\"@type\":\"Organization\",\"@id\":\"https:\/\/www.promusicsmallorca.org\/#organization\",\"name\":\"ProM\\u00fasics Mallorca\",\"url\":\"https:\/\/www.promusicsmallorca.org\/\",\"sameAs\":[\"https:\/\/www.facebook.com\/promusicsmallorca\",\"https:\/\/www.instagram.com\/promusicsmallorca\/\",\"https:\/\/www.youtube.com\/channel\/UCWwttYA4JPovS2RZiGlHgpA\"],\"logo\":{\"@type\":\"ImageObject\",\"@id\":\"https:\/\/www.promusicsmallorca.org\/#logo\",\"inLanguage\":\"es\",\"url\":\"https:\/\/i0.wp.com\/www.promusicsmallorca.org\/wp-content\/uploads\/2021\/02\/image0.png?fit=10224%2C7725&ssl=1\",\"width\":10224,\"height\":7725,\"caption\":\"ProM\\u00fasics Mallorca\"},\"image\":{\"@id\":\"https:\/\/www.promusicsmallorca.org\/#logo\"}},{\"@type\":\"WebSite\",\"@id\":\"https:\/\/www.promusicsmallorca.org\/#website\",\"url\":\"https:\/\/www.promusicsmallorca.org\/\",\"name\":\"ProM\\u00fasics Mallorca\",\"description\":\"Associaci\\u00f3 de Professionals de la M\\u00fasica de Mallorca\",\"publisher\":{\"@id\":\"https:\/\/www.promusicsmallorca.org\/#organization\"},\"potentialAction\":[{\"@type\":\"SearchAction\",\"target\":\"https:\/\/www.promusicsmallorca.org\/?s={search_term_string}\",\"query-input\":\"required name=search_term_string\"}],\"inLanguage\":\"es\"},{\"@type\":\"ImageObject\",\"@id\":\"https:\/\/www.promusicsmallorca.org\/es\/catalogo-promusics\/los-peligrosos-gentlemen-serious-rhythm-and-blues-party\/#primaryimage\",\"inLanguage\":\"es\",\"url\":\"https:\/\/i0.wp.com\/www.promusicsmallorca.org\/wp-content\/uploads\/2021\/02\/serious-.jpg?fit=1600%2C1276&ssl=1\",\"width\":1600,\"height\":1276},{\"@type\":\"WebPage\",\"@id\":\"https:\/\/www.promusicsmallorca.org\/es\/catalogo-promusics\/los-peligrosos-gentlemen-serious-rhythm-and-blues-party\/#webpage\",\"url\":\"https:\/\/www.promusicsmallorca.org\/es\/catalogo-promusics\/los-peligrosos-gentlemen-serious-rhythm-and-blues-party\/\",\"name\":\"Los Peligrosos Gentlemen \\\"Serious Rhythm and Blues Party\\\" - ProM\\u00fasics Mallorca\",\"isPartOf\":{\"@id\":\"https:\/\/www.promusicsmallorca.org\/#website\"},\"primaryImageOfPage\":{\"@id\":\"https:\/\/www.promusicsmallorca.org\/es\/catalogo-promusics\/los-peligrosos-gentlemen-serious-rhythm-and-blues-party\/#primaryimage\"},\"datePublished\":\"2021-02-26T17:31:27+00:00\",\"dateModified\":\"2022-03-20T17:33:41+00:00\",\"inLanguage\":\"es\",\"potentialAction\":[{\"@type\":\"ReadAction\",\"target\":[\"https:\/\/www.promusicsmallorca.org\/es\/catalogo-promusics\/los-peligrosos-gentlemen-serious-rhythm-and-blues-party\/\"]}]}]}<\/script>\n<!-- \/ Yoast SEO Premium plugin. -->","jetpack_sharing_enabled":true,"_links":{"self":[{"href":"https:\/\/www.promusicsmallorca.org\/es\/wp-json\/wp\/v2\/product\/3257"}],"collection":[{"href":"https:\/\/www.promusicsmallorca.org\/es\/wp-json\/wp\/v2\/product"}],"about":[{"href":"https:\/\/www.promusicsmallorca.org\/es\/wp-json\/wp\/v2\/types\/product"}],"wp:featuredmedia":[{"embeddable":true,"href":"https:\/\/www.promusicsmallorca.org\/es\/wp-json\/wp\/v2\/media\/3260"}],"wp:attachment":[{"href":"https:\/\/www.promusicsmallorca.org\/es\/wp-json\/wp\/v2\/media?parent=3257"}],"wp:term":[{"taxonomy":"product_cat","embeddable":true,"href":"https:\/\/www.promusicsmallorca.org\/es\/wp-json\/wp\/v2\/product_cat?post=3257"},{"taxonomy":"product_tag","embeddable":true,"href":"https:\/\/www.promusicsmallorca.org\/es\/wp-json\/wp\/v2\/product_tag?post=3257"}],"curies":[{"name":"wp","href":"https:\/\/api.w.org\/{rel}","templated":true}]}}