{"id":3062,"date":"2021-02-23T08:00:26","date_gmt":"2021-02-23T08:00:26","guid":{"rendered":"https:\/\/www.promusicsmallorca.org\/?post_type=product&#038;p=3062"},"modified":"2022-05-03T16:57:46","modified_gmt":"2022-05-03T16:57:46","slug":"jaume-mas-miki-rotger","status":"publish","type":"product","link":"https:\/\/www.promusicsmallorca.org\/es\/catalogo-promusics\/jaume-mas-miki-rotger\/","title":{"rendered":"Jaume Mas &#038; Miki Rotger"},"content":{"rendered":"<div class=\"textarea-desti col-xs-12 col-sm-6\">\n<div class=\"form-control second-textarea\">Jaume Mas &amp; Miki Rotger, es un d\u00fao ac\u00fastico formado por estos dos m\u00fasicos de la escena isle\u00f1a. Lo que propone el proyecto es un concierto ac\u00fastico, sin artificios. \u00danicamente una guitarra, una voz, y un saxo. Un concierto en el cual se transmite la esencia m\u00e1s intima de estos dos m\u00fasicos. Genera sorpresa por la capacidad de absorber canciones de todo tipo y estilo, present\u00e1ndolas desde un punto de vista nuevo y personal. Tambi\u00e9n temas propios. Se han topado los lenguajes y el flow del reggae con la sensibilidad de la balada y el soul. Originando un estilo totalmente propio y fresco, que denominan reggae &amp; soul.<\/div>\n<\/div>\n<pre style=\"text-align: center;\"><a href=\"https:\/\/youtu.be\/JtiRob4pEc8\" target=\"_blank\" rel=\"noopener\">https:\/\/youtu.be\/JtiRob4pEc8<\/a>\r\n<a href=\"https:\/\/youtu.be\/Hh928gCDX7M\" target=\"_blank\" rel=\"noopener\">https:\/\/youtu.be\/Hh928gCDX7M<\/a><\/pre>\n<p style=\"text-align: right;\">Miki Rotger: 625145435 \/ <a href=\"mailto:mikirotgersax@gmail.com\" target=\"_blank\" rel=\"noopener\">mikirotgersax@gmail.com<\/a><\/p>\n","protected":false},"excerpt":{"rendered":"<p style=\"text-align: center;\">Miki Rotger \u2013 Saxo<br \/>\nJaume Mas \u2013 Voz y guitarra<\/p>\n","protected":false},"featured_media":3063,"template":"","meta":{"_et_pb_use_builder":"","_et_pb_old_content":"","_et_gb_content_width":""},"product_cat":[158,66],"product_tag":[91],"yoast_head":"<!-- This site is optimized with the Yoast SEO Premium plugin v15.7 - https:\/\/yoast.com\/wordpress\/plugins\/seo\/ -->\n<title>Jaume Mas &amp; Miki Rotger - ProM\u00fasics Mallorca<\/title>\n<meta name=\"robots\" content=\"index, follow, max-snippet:-1, max-image-preview:large, max-video-preview:-1\" \/>\n<link rel=\"canonical\" href=\"https:\/\/www.promusicsmallorca.org\/es\/catalogo-promusics\/jaume-mas-miki-rotger\/\" \/>\n<meta property=\"og:locale\" content=\"es_ES\" \/>\n<meta property=\"og:type\" content=\"article\" \/>\n<meta property=\"og:title\" content=\"Jaume Mas &amp; Miki Rotger - ProM\u00fasics Mallorca\" \/>\n<meta property=\"og:description\" content=\"Miki Rotger \u2013 Saxo Jaume Mas \u2013 Voz y guitarra\" \/>\n<meta property=\"og:url\" content=\"https:\/\/www.promusicsmallorca.org\/es\/catalogo-promusics\/jaume-mas-miki-rotger\/\" \/>\n<meta property=\"og:site_name\" content=\"ProM\u00fasics Mallorca\" \/>\n<meta property=\"article:publisher\" content=\"https:\/\/www.facebook.com\/promusicsmallorca\" \/>\n<meta property=\"article:modified_time\" content=\"2022-05-03T16:57:46+00:00\" \/>\n<meta property=\"og:image\" content=\"https:\/\/i0.wp.com\/www.promusicsmallorca.org\/wp-content\/uploads\/2021\/02\/20210131_201358.jpg?fit=1014%2C472&#038;ssl=1\" \/>\n\t<meta property=\"og:image:width\" content=\"1014\" \/>\n\t<meta property=\"og:image:height\" content=\"472\" \/>\n<meta name=\"twitter:card\" content=\"summary_large_image\" \/>\n<meta name=\"twitter:label1\" content=\"Tiempo de lectura\">\n\t<meta name=\"twitter:data1\" content=\"1 minuto\">\n<script type=\"application\/ld+json\" class=\"yoast-schema-graph\">{\"@context\":\"https:\/\/schema.org\",\"@graph\":[{\"@type\":\"Organization\",\"@id\":\"https:\/\/www.promusicsmallorca.org\/#organization\",\"name\":\"ProM\\u00fasics Mallorca\",\"url\":\"https:\/\/www.promusicsmallorca.org\/\",\"sameAs\":[\"https:\/\/www.facebook.com\/promusicsmallorca\",\"https:\/\/www.instagram.com\/promusicsmallorca\/\",\"https:\/\/www.youtube.com\/channel\/UCWwttYA4JPovS2RZiGlHgpA\"],\"logo\":{\"@type\":\"ImageObject\",\"@id\":\"https:\/\/www.promusicsmallorca.org\/#logo\",\"inLanguage\":\"es\",\"url\":\"https:\/\/i0.wp.com\/www.promusicsmallorca.org\/wp-content\/uploads\/2021\/02\/image0.png?fit=10224%2C7725&ssl=1\",\"width\":10224,\"height\":7725,\"caption\":\"ProM\\u00fasics Mallorca\"},\"image\":{\"@id\":\"https:\/\/www.promusicsmallorca.org\/#logo\"}},{\"@type\":\"WebSite\",\"@id\":\"https:\/\/www.promusicsmallorca.org\/#website\",\"url\":\"https:\/\/www.promusicsmallorca.org\/\",\"name\":\"ProM\\u00fasics Mallorca\",\"description\":\"Associaci\\u00f3 de Professionals de la M\\u00fasica de Mallorca\",\"publisher\":{\"@id\":\"https:\/\/www.promusicsmallorca.org\/#organization\"},\"potentialAction\":[{\"@type\":\"SearchAction\",\"target\":\"https:\/\/www.promusicsmallorca.org\/?s={search_term_string}\",\"query-input\":\"required name=search_term_string\"}],\"inLanguage\":\"es\"},{\"@type\":\"ImageObject\",\"@id\":\"https:\/\/www.promusicsmallorca.org\/es\/catalogo-promusics\/jaume-mas-miki-rotger\/#primaryimage\",\"inLanguage\":\"es\",\"url\":\"https:\/\/i0.wp.com\/www.promusicsmallorca.org\/wp-content\/uploads\/2021\/02\/20210131_201358.jpg?fit=1014%2C472&ssl=1\",\"width\":1014,\"height\":472},{\"@type\":\"WebPage\",\"@id\":\"https:\/\/www.promusicsmallorca.org\/es\/catalogo-promusics\/jaume-mas-miki-rotger\/#webpage\",\"url\":\"https:\/\/www.promusicsmallorca.org\/es\/catalogo-promusics\/jaume-mas-miki-rotger\/\",\"name\":\"Jaume Mas & Miki Rotger - ProM\\u00fasics Mallorca\",\"isPartOf\":{\"@id\":\"https:\/\/www.promusicsmallorca.org\/#website\"},\"primaryImageOfPage\":{\"@id\":\"https:\/\/www.promusicsmallorca.org\/es\/catalogo-promusics\/jaume-mas-miki-rotger\/#primaryimage\"},\"datePublished\":\"2021-02-23T08:00:26+00:00\",\"dateModified\":\"2022-05-03T16:57:46+00:00\",\"inLanguage\":\"es\",\"potentialAction\":[{\"@type\":\"ReadAction\",\"target\":[\"https:\/\/www.promusicsmallorca.org\/es\/catalogo-promusics\/jaume-mas-miki-rotger\/\"]}]}]}<\/script>\n<!-- \/ Yoast SEO Premium plugin. -->","jetpack_sharing_enabled":true,"_links":{"self":[{"href":"https:\/\/www.promusicsmallorca.org\/es\/wp-json\/wp\/v2\/product\/3062"}],"collection":[{"href":"https:\/\/www.promusicsmallorca.org\/es\/wp-json\/wp\/v2\/product"}],"about":[{"href":"https:\/\/www.promusicsmallorca.org\/es\/wp-json\/wp\/v2\/types\/product"}],"wp:featuredmedia":[{"embeddable":true,"href":"https:\/\/www.promusicsmallorca.org\/es\/wp-json\/wp\/v2\/media\/3063"}],"wp:attachment":[{"href":"https:\/\/www.promusicsmallorca.org\/es\/wp-json\/wp\/v2\/media?parent=3062"}],"wp:term":[{"taxonomy":"product_cat","embeddable":true,"href":"https:\/\/www.promusicsmallorca.org\/es\/wp-json\/wp\/v2\/product_cat?post=3062"},{"taxonomy":"product_tag","embeddable":true,"href":"https:\/\/www.promusicsmallorca.org\/es\/wp-json\/wp\/v2\/product_tag?post=3062"}],"curies":[{"name":"wp","href":"https:\/\/api.w.org\/{rel}","templated":true}]}}