{"id":3021,"date":"2021-02-22T10:58:06","date_gmt":"2021-02-22T10:58:06","guid":{"rendered":"https:\/\/www.promusicsmallorca.org\/?post_type=product&#038;p=3021"},"modified":"2022-05-03T16:57:04","modified_gmt":"2022-05-03T16:57:04","slug":"olives-per-somiar","status":"publish","type":"product","link":"https:\/\/www.promusicsmallorca.org\/es\/catalogo-promusics\/olives-per-somiar\/","title":{"rendered":"Olives per Somiar"},"content":{"rendered":"<div class=\"btn-group\" role=\"group\">\n<div id=\"div_select_target\">\n<div class=\"form-control second-textarea\">Concierto teatralizado para ni\u00f1as y ni\u00f1os de 0 a 6 a\u00f1os, con proyecciones y m\u00fasica en directo. Con la Fada Despistada y los Somiatruites aprenderemos, cantaremos y bailaremos canciones de cada continente, hechos para conseguir unos sue\u00f1os fant\u00e1sticos y para echar las pesadillas, porque: \u00a1Qui\u00e9n canta los Catapums asusta! Todo esto ayudados por los amigos de los sue\u00f1os que son las olivas, la luna, los cuentos, el pip\u00ed antes de ir a dormir y tambi\u00e9n nuestra marioneta especialista en bostezos, en Cotonet. Es ideal para beb\u00e9s, de las \u00fanicas en Mallorca para 0-3 a\u00f1os!<\/div>\n<\/div>\n<\/div>\n<div><\/div>\n<pre style=\"text-align: center;\"><a href=\"https:\/\/open.spotify.com\/album\/1Q1tA2KpeNjOX0LvFpNyQh?si=o6-o8gVcQKayxkj3giHZgw\" target=\"_blank\" rel=\"noopener\">https:\/\/open.spotify.com\/album\/1Q1tA2KpeNjOX0LvFpNyQh?si=o6-o8gVcQKayxkj3giHZgw<\/a>\r\n<a href=\"https:\/\/youtu.be\/-UsTa7-vm3U\" target=\"_blank\" rel=\"noopener\">https:\/\/youtu.be\/-UsTa7-vm3U<\/a>\r\n<a href=\"https:\/\/youtu.be\/75LPPur-brw\" target=\"_blank\" rel=\"noopener\">https:\/\/youtu.be\/75LPPur-brw<\/a><\/pre>\n<div style=\"text-align: right;\">Cecilia Adriana: 667399221\/ <a href=\"mailto:fada@lafadadespistada.org\" target=\"_blank\" rel=\"noopener\">fada@lafadadespistada.org<\/a><\/div>\n<form class=\"formulari form-horizontal\"><\/form>\n","protected":false},"excerpt":{"rendered":"<p style=\"text-align: center;\">Cecilia Adriana Gim\u00e9nez Pedroza &#8211; voz y guitarra<br \/>\nPep Lluis Garcia Caldentey &#8211; Bater\u00eda<br \/>\nMarko Lohikari\u00a0 &#8211; Contrabajo<br \/>\nMichael Mesquida Young &#8211; Guitarra<\/p>\n","protected":false},"featured_media":3022,"template":"","meta":{"_et_pb_use_builder":"","_et_pb_old_content":"","_et_gb_content_width":""},"product_cat":[161,88],"product_tag":[72],"yoast_head":"<!-- This site is optimized with the Yoast SEO Premium plugin v15.7 - https:\/\/yoast.com\/wordpress\/plugins\/seo\/ -->\n<title>Olives per Somiar - ProM\u00fasics Mallorca<\/title>\n<meta name=\"robots\" content=\"index, follow, max-snippet:-1, max-image-preview:large, max-video-preview:-1\" \/>\n<link rel=\"canonical\" href=\"https:\/\/www.promusicsmallorca.org\/es\/catalogo-promusics\/olives-per-somiar\/\" \/>\n<meta property=\"og:locale\" content=\"es_ES\" \/>\n<meta property=\"og:type\" content=\"article\" \/>\n<meta property=\"og:title\" content=\"Olives per Somiar - ProM\u00fasics Mallorca\" \/>\n<meta property=\"og:description\" content=\"Cecilia Adriana Gim\u00e9nez Pedroza - voz y guitarra Pep Lluis Garcia Caldentey - Bater\u00eda Marko Lohikari\u00a0 - Contrabajo Michael Mesquida Young - Guitarra\" \/>\n<meta property=\"og:url\" content=\"https:\/\/www.promusicsmallorca.org\/es\/catalogo-promusics\/olives-per-somiar\/\" \/>\n<meta property=\"og:site_name\" content=\"ProM\u00fasics Mallorca\" \/>\n<meta property=\"article:publisher\" content=\"https:\/\/www.facebook.com\/promusicsmallorca\" \/>\n<meta property=\"article:modified_time\" content=\"2022-05-03T16:57:04+00:00\" \/>\n<meta property=\"og:image\" content=\"https:\/\/i0.wp.com\/www.promusicsmallorca.org\/wp-content\/uploads\/2021\/02\/Fadacau-scaled.jpg?fit=1920%2C2560&#038;ssl=1\" \/>\n\t<meta property=\"og:image:width\" content=\"1920\" \/>\n\t<meta property=\"og:image:height\" content=\"2560\" \/>\n<meta name=\"twitter:card\" content=\"summary_large_image\" \/>\n<meta name=\"twitter:label1\" content=\"Tiempo de lectura\">\n\t<meta name=\"twitter:data1\" content=\"1 minuto\">\n<script type=\"application\/ld+json\" class=\"yoast-schema-graph\">{\"@context\":\"https:\/\/schema.org\",\"@graph\":[{\"@type\":\"Organization\",\"@id\":\"https:\/\/www.promusicsmallorca.org\/#organization\",\"name\":\"ProM\\u00fasics Mallorca\",\"url\":\"https:\/\/www.promusicsmallorca.org\/\",\"sameAs\":[\"https:\/\/www.facebook.com\/promusicsmallorca\",\"https:\/\/www.instagram.com\/promusicsmallorca\/\",\"https:\/\/www.youtube.com\/channel\/UCWwttYA4JPovS2RZiGlHgpA\"],\"logo\":{\"@type\":\"ImageObject\",\"@id\":\"https:\/\/www.promusicsmallorca.org\/#logo\",\"inLanguage\":\"es\",\"url\":\"https:\/\/i0.wp.com\/www.promusicsmallorca.org\/wp-content\/uploads\/2021\/02\/image0.png?fit=10224%2C7725&ssl=1\",\"width\":10224,\"height\":7725,\"caption\":\"ProM\\u00fasics Mallorca\"},\"image\":{\"@id\":\"https:\/\/www.promusicsmallorca.org\/#logo\"}},{\"@type\":\"WebSite\",\"@id\":\"https:\/\/www.promusicsmallorca.org\/#website\",\"url\":\"https:\/\/www.promusicsmallorca.org\/\",\"name\":\"ProM\\u00fasics Mallorca\",\"description\":\"Associaci\\u00f3 de Professionals de la M\\u00fasica de Mallorca\",\"publisher\":{\"@id\":\"https:\/\/www.promusicsmallorca.org\/#organization\"},\"potentialAction\":[{\"@type\":\"SearchAction\",\"target\":\"https:\/\/www.promusicsmallorca.org\/?s={search_term_string}\",\"query-input\":\"required name=search_term_string\"}],\"inLanguage\":\"es\"},{\"@type\":\"ImageObject\",\"@id\":\"https:\/\/www.promusicsmallorca.org\/es\/catalogo-promusics\/olives-per-somiar\/#primaryimage\",\"inLanguage\":\"es\",\"url\":\"https:\/\/i0.wp.com\/www.promusicsmallorca.org\/wp-content\/uploads\/2021\/02\/Fadacau-scaled.jpg?fit=1920%2C2560&ssl=1\",\"width\":1920,\"height\":2560},{\"@type\":\"WebPage\",\"@id\":\"https:\/\/www.promusicsmallorca.org\/es\/catalogo-promusics\/olives-per-somiar\/#webpage\",\"url\":\"https:\/\/www.promusicsmallorca.org\/es\/catalogo-promusics\/olives-per-somiar\/\",\"name\":\"Olives per Somiar - ProM\\u00fasics Mallorca\",\"isPartOf\":{\"@id\":\"https:\/\/www.promusicsmallorca.org\/#website\"},\"primaryImageOfPage\":{\"@id\":\"https:\/\/www.promusicsmallorca.org\/es\/catalogo-promusics\/olives-per-somiar\/#primaryimage\"},\"datePublished\":\"2021-02-22T10:58:06+00:00\",\"dateModified\":\"2022-05-03T16:57:04+00:00\",\"inLanguage\":\"es\",\"potentialAction\":[{\"@type\":\"ReadAction\",\"target\":[\"https:\/\/www.promusicsmallorca.org\/es\/catalogo-promusics\/olives-per-somiar\/\"]}]}]}<\/script>\n<!-- \/ Yoast SEO Premium plugin. -->","jetpack_sharing_enabled":true,"_links":{"self":[{"href":"https:\/\/www.promusicsmallorca.org\/es\/wp-json\/wp\/v2\/product\/3021"}],"collection":[{"href":"https:\/\/www.promusicsmallorca.org\/es\/wp-json\/wp\/v2\/product"}],"about":[{"href":"https:\/\/www.promusicsmallorca.org\/es\/wp-json\/wp\/v2\/types\/product"}],"wp:featuredmedia":[{"embeddable":true,"href":"https:\/\/www.promusicsmallorca.org\/es\/wp-json\/wp\/v2\/media\/3022"}],"wp:attachment":[{"href":"https:\/\/www.promusicsmallorca.org\/es\/wp-json\/wp\/v2\/media?parent=3021"}],"wp:term":[{"taxonomy":"product_cat","embeddable":true,"href":"https:\/\/www.promusicsmallorca.org\/es\/wp-json\/wp\/v2\/product_cat?post=3021"},{"taxonomy":"product_tag","embeddable":true,"href":"https:\/\/www.promusicsmallorca.org\/es\/wp-json\/wp\/v2\/product_tag?post=3021"}],"curies":[{"name":"wp","href":"https:\/\/api.w.org\/{rel}","templated":true}]}}