{"id":2740,"date":"2021-02-21T16:10:49","date_gmt":"2021-02-21T16:10:49","guid":{"rendered":"https:\/\/www.promusicsmallorca.org\/?post_type=product&#038;p=2740"},"modified":"2022-05-04T09:02:16","modified_gmt":"2022-05-04T09:02:16","slug":"petit","status":"publish","type":"product","link":"https:\/\/www.promusicsmallorca.org\/es\/catalogo-promusics\/petit\/","title":{"rendered":"Petit"},"content":{"rendered":"<div class=\"textarea-desti col-xs-12 col-sm-6\">\n<div class=\"form-control second-textarea\">Petit es el alter ego musical de Joan Ernest Castells. Las canciones fruto de sus inquietudes musicales y po\u00e9ticas beben de las influencias de la m\u00fasica brit\u00e1nica y las de ra\u00edz americana y se fusionan con su particular visi\u00f3n del mundo. Seis discos y 15 a\u00f1os despu\u00e9s, habiendo actuado en todo el estado espa\u00f1ol y representado a las Islas Baleares y Catalu\u00f1a en festivales en Canad\u00e1 y Portugal y siendo alabado por la cr\u00edtica especializada, la propuesta musical de Petit nos invita a un viaje a la epidermis de las emociones con m\u00fasicas que bailan entre el folk, el R&#8217; B, la americana o la bossa nova.<\/div>\n<div><\/div>\n<pre style=\"text-align: center;\"><a href=\"https:\/\/open.spotify.com\/artist\/0l3CTuKcC1CZMJUzjR1xHH?si=rJ3PhcuHQX6cTwNSMi2B3A\" target=\"_blank\" rel=\"noopener\">https:\/\/open.spotify.com\/artist\/0l3CTuKcC1CZMJUzjR1xHH?si=rJ3PhcuHQX6cTwNSMi2B3A<\/a>\r\n<a href=\"https:\/\/petit.bandcamp.com\" target=\"_blank\" rel=\"noopener\">https:\/\/petit.bandcamp.com<\/a>\r\n<a href=\"https:\/\/vimeo.com\/welovepetit\" target=\"_blank\" rel=\"noopener\">https:\/\/vimeo.com\/welovepetit<\/a><\/pre>\n<div style=\"text-align: right;\">Joan Ernest Castells: 656 427 197 \/ <a href=\"mailto:castells.joan@gmail.com\" target=\"_blank\" rel=\"noopener\">castells.joan@gmail.com<\/a><\/div>\n<\/div>\n","protected":false},"excerpt":{"rendered":"<p style=\"text-align: center;\">Joan Ernest Castells, voz y guitarra<br \/>\nJuanjo Tom\u00e0s, guitarra el\u00e9ctrica y coros<br \/>\nSebasti\u00e0 Llinares, bajo y coros<br \/>\nToni Beltran, bater\u00eda<br \/>\nBernat Xamena, trompeta<\/p>\n","protected":false},"featured_media":2741,"template":"","meta":{"_et_pb_use_builder":"","_et_pb_old_content":"","_et_gb_content_width":""},"product_cat":[130],"product_tag":[92],"yoast_head":"<!-- This site is optimized with the Yoast SEO Premium plugin v15.7 - https:\/\/yoast.com\/wordpress\/plugins\/seo\/ -->\n<title>Petit - ProM\u00fasics Mallorca<\/title>\n<meta name=\"robots\" content=\"index, follow, max-snippet:-1, max-image-preview:large, max-video-preview:-1\" \/>\n<link rel=\"canonical\" href=\"https:\/\/www.promusicsmallorca.org\/es\/catalogo-promusics\/petit\/\" \/>\n<meta property=\"og:locale\" content=\"es_ES\" \/>\n<meta property=\"og:type\" content=\"article\" \/>\n<meta property=\"og:title\" content=\"Petit - ProM\u00fasics Mallorca\" \/>\n<meta property=\"og:description\" content=\"Joan Ernest Castells, voz y guitarra Juanjo Tom\u00e0s, guitarra el\u00e9ctrica y coros Sebasti\u00e0 Llinares, bajo y coros Toni Beltran, bater\u00eda Bernat Xamena, trompeta\" \/>\n<meta property=\"og:url\" content=\"https:\/\/www.promusicsmallorca.org\/es\/catalogo-promusics\/petit\/\" \/>\n<meta property=\"og:site_name\" content=\"ProM\u00fasics Mallorca\" \/>\n<meta property=\"article:publisher\" content=\"https:\/\/www.facebook.com\/promusicsmallorca\" \/>\n<meta property=\"article:modified_time\" content=\"2022-05-04T09:02:16+00:00\" \/>\n<meta property=\"og:image\" content=\"https:\/\/i0.wp.com\/www.promusicsmallorca.org\/wp-content\/uploads\/2021\/02\/fotopromopetit2021copy.jpg?fit=1773%2C1181&#038;ssl=1\" \/>\n\t<meta property=\"og:image:width\" content=\"1773\" \/>\n\t<meta property=\"og:image:height\" content=\"1181\" \/>\n<meta name=\"twitter:card\" content=\"summary_large_image\" \/>\n<meta name=\"twitter:label1\" content=\"Tiempo de lectura\">\n\t<meta name=\"twitter:data1\" content=\"1 minuto\">\n<script type=\"application\/ld+json\" class=\"yoast-schema-graph\">{\"@context\":\"https:\/\/schema.org\",\"@graph\":[{\"@type\":\"Organization\",\"@id\":\"https:\/\/www.promusicsmallorca.org\/#organization\",\"name\":\"ProM\\u00fasics Mallorca\",\"url\":\"https:\/\/www.promusicsmallorca.org\/\",\"sameAs\":[\"https:\/\/www.facebook.com\/promusicsmallorca\",\"https:\/\/www.instagram.com\/promusicsmallorca\/\",\"https:\/\/www.youtube.com\/channel\/UCWwttYA4JPovS2RZiGlHgpA\"],\"logo\":{\"@type\":\"ImageObject\",\"@id\":\"https:\/\/www.promusicsmallorca.org\/#logo\",\"inLanguage\":\"es\",\"url\":\"https:\/\/i0.wp.com\/www.promusicsmallorca.org\/wp-content\/uploads\/2021\/02\/image0.png?fit=10224%2C7725&ssl=1\",\"width\":10224,\"height\":7725,\"caption\":\"ProM\\u00fasics Mallorca\"},\"image\":{\"@id\":\"https:\/\/www.promusicsmallorca.org\/#logo\"}},{\"@type\":\"WebSite\",\"@id\":\"https:\/\/www.promusicsmallorca.org\/#website\",\"url\":\"https:\/\/www.promusicsmallorca.org\/\",\"name\":\"ProM\\u00fasics Mallorca\",\"description\":\"Associaci\\u00f3 de Professionals de la M\\u00fasica de Mallorca\",\"publisher\":{\"@id\":\"https:\/\/www.promusicsmallorca.org\/#organization\"},\"potentialAction\":[{\"@type\":\"SearchAction\",\"target\":\"https:\/\/www.promusicsmallorca.org\/?s={search_term_string}\",\"query-input\":\"required name=search_term_string\"}],\"inLanguage\":\"es\"},{\"@type\":\"ImageObject\",\"@id\":\"https:\/\/www.promusicsmallorca.org\/es\/catalogo-promusics\/petit\/#primaryimage\",\"inLanguage\":\"es\",\"url\":\"https:\/\/i0.wp.com\/www.promusicsmallorca.org\/wp-content\/uploads\/2021\/02\/fotopromopetit2021copy.jpg?fit=1773%2C1181&ssl=1\",\"width\":1773,\"height\":1181},{\"@type\":\"WebPage\",\"@id\":\"https:\/\/www.promusicsmallorca.org\/es\/catalogo-promusics\/petit\/#webpage\",\"url\":\"https:\/\/www.promusicsmallorca.org\/es\/catalogo-promusics\/petit\/\",\"name\":\"Petit - ProM\\u00fasics Mallorca\",\"isPartOf\":{\"@id\":\"https:\/\/www.promusicsmallorca.org\/#website\"},\"primaryImageOfPage\":{\"@id\":\"https:\/\/www.promusicsmallorca.org\/es\/catalogo-promusics\/petit\/#primaryimage\"},\"datePublished\":\"2021-02-21T16:10:49+00:00\",\"dateModified\":\"2022-05-04T09:02:16+00:00\",\"inLanguage\":\"es\",\"potentialAction\":[{\"@type\":\"ReadAction\",\"target\":[\"https:\/\/www.promusicsmallorca.org\/es\/catalogo-promusics\/petit\/\"]}]}]}<\/script>\n<!-- \/ Yoast SEO Premium plugin. -->","jetpack_sharing_enabled":true,"_links":{"self":[{"href":"https:\/\/www.promusicsmallorca.org\/es\/wp-json\/wp\/v2\/product\/2740"}],"collection":[{"href":"https:\/\/www.promusicsmallorca.org\/es\/wp-json\/wp\/v2\/product"}],"about":[{"href":"https:\/\/www.promusicsmallorca.org\/es\/wp-json\/wp\/v2\/types\/product"}],"wp:featuredmedia":[{"embeddable":true,"href":"https:\/\/www.promusicsmallorca.org\/es\/wp-json\/wp\/v2\/media\/2741"}],"wp:attachment":[{"href":"https:\/\/www.promusicsmallorca.org\/es\/wp-json\/wp\/v2\/media?parent=2740"}],"wp:term":[{"taxonomy":"product_cat","embeddable":true,"href":"https:\/\/www.promusicsmallorca.org\/es\/wp-json\/wp\/v2\/product_cat?post=2740"},{"taxonomy":"product_tag","embeddable":true,"href":"https:\/\/www.promusicsmallorca.org\/es\/wp-json\/wp\/v2\/product_tag?post=2740"}],"curies":[{"name":"wp","href":"https:\/\/api.w.org\/{rel}","templated":true}]}}