{"id":2720,"date":"2021-02-21T09:17:41","date_gmt":"2021-02-21T09:17:41","guid":{"rendered":"https:\/\/www.promusicsmallorca.org\/?post_type=product&#038;p=2720"},"modified":"2022-05-03T16:53:37","modified_gmt":"2022-05-03T16:53:37","slug":"toni-cuenca-jazz-trio","status":"publish","type":"product","link":"https:\/\/www.promusicsmallorca.org\/es\/catalogo-promusics\/toni-cuenca-jazz-trio\/","title":{"rendered":"Toni Cuenca Jazz Trio"},"content":{"rendered":"<p>Contrabajista, compositor, productor musical, nacido en Barcelona, estudi\u00f3 guitarra en el conservatorio de Sabadell y contrabajo en el conservatorio de Palma de Mallorca. Ha tocado y grabado con las primeras figuras del jazz mundial como Paco de Luc\u00eda, Concha Buika, Peter Erskine, Alex Acu\u00f1a, Gary Willys, Tete Montoliu, Max Su\u00f1er, Jorge Pardo, Chano Dom\u00ednguez\u2026 Ha escrito obras sinf\u00f3nicas para solistas como Maria del Mar Bonet, Paco de Luc\u00eda, Concha Buika y Jorge Pardo, ha sido solista con la sinf\u00f3nica de Baleares y ha dirigido orquestas sinf\u00f3nicas por todo el mundo.<\/p>\n<pre style=\"text-align: center;\"><a href=\"https:\/\/tcbaix.wixsite.com\/jazz-n-time-1\" target=\"_blank\" rel=\"noopener\">https:\/\/tcbaix.wixsite.com\/jazz-n-time-1<\/a>\r\n<a href=\"https:\/\/www.youtube.com\/watch?v=Mms5MoOHA7Y\" target=\"_blank\" rel=\"noopener\">https:\/\/www.youtube.com\/watch?v=Mms5MoOHA7Y<\/a><\/pre>\n<p style=\"text-align: right;\">Toni Cuenca: 63665666 \/ <a href=\"mailto:tcbaix@gmail.com\" target=\"_blank\" rel=\"noopener\">tcbaix@gmail.com<\/a><\/p>\n","protected":false},"excerpt":{"rendered":"<p style=\"text-align: center;\">TONI CUENCA : CONTRABAJO<br \/>\nAGUSTIN AGUILO: PIANO<br \/>\nTONI CUENCA JR. BATER\u00cdA<\/p>\n","protected":false},"featured_media":2723,"template":"","meta":{"_et_pb_use_builder":"","_et_pb_old_content":"","_et_gb_content_width":""},"product_cat":[120,96],"product_tag":[86],"yoast_head":"<!-- This site is optimized with the Yoast SEO Premium plugin v15.7 - https:\/\/yoast.com\/wordpress\/plugins\/seo\/ -->\n<title>Toni Cuenca Jazz Trio - ProM\u00fasics Mallorca<\/title>\n<meta name=\"robots\" content=\"index, follow, max-snippet:-1, max-image-preview:large, max-video-preview:-1\" \/>\n<link rel=\"canonical\" href=\"https:\/\/www.promusicsmallorca.org\/es\/catalogo-promusics\/toni-cuenca-jazz-trio\/\" \/>\n<meta property=\"og:locale\" content=\"es_ES\" \/>\n<meta property=\"og:type\" content=\"article\" \/>\n<meta property=\"og:title\" content=\"Toni Cuenca Jazz Trio - ProM\u00fasics Mallorca\" \/>\n<meta property=\"og:description\" content=\"TONI CUENCA : CONTRABAJO AGUSTIN AGUILO: PIANO TONI CUENCA JR. BATER\u00cdA\" \/>\n<meta property=\"og:url\" content=\"https:\/\/www.promusicsmallorca.org\/es\/catalogo-promusics\/toni-cuenca-jazz-trio\/\" \/>\n<meta property=\"og:site_name\" content=\"ProM\u00fasics Mallorca\" \/>\n<meta property=\"article:publisher\" content=\"https:\/\/www.facebook.com\/promusicsmallorca\" \/>\n<meta property=\"article:modified_time\" content=\"2022-05-03T16:53:37+00:00\" \/>\n<meta property=\"og:image\" content=\"https:\/\/i0.wp.com\/www.promusicsmallorca.org\/wp-content\/uploads\/2021\/02\/IMG_1030.jpg?fit=667%2C1000&#038;ssl=1\" \/>\n\t<meta property=\"og:image:width\" content=\"667\" \/>\n\t<meta property=\"og:image:height\" content=\"1000\" \/>\n<meta name=\"twitter:card\" content=\"summary_large_image\" \/>\n<meta name=\"twitter:label1\" content=\"Tiempo de lectura\">\n\t<meta name=\"twitter:data1\" content=\"1 minuto\">\n<script type=\"application\/ld+json\" class=\"yoast-schema-graph\">{\"@context\":\"https:\/\/schema.org\",\"@graph\":[{\"@type\":\"Organization\",\"@id\":\"https:\/\/www.promusicsmallorca.org\/#organization\",\"name\":\"ProM\\u00fasics Mallorca\",\"url\":\"https:\/\/www.promusicsmallorca.org\/\",\"sameAs\":[\"https:\/\/www.facebook.com\/promusicsmallorca\",\"https:\/\/www.instagram.com\/promusicsmallorca\/\",\"https:\/\/www.youtube.com\/channel\/UCWwttYA4JPovS2RZiGlHgpA\"],\"logo\":{\"@type\":\"ImageObject\",\"@id\":\"https:\/\/www.promusicsmallorca.org\/#logo\",\"inLanguage\":\"es\",\"url\":\"https:\/\/i0.wp.com\/www.promusicsmallorca.org\/wp-content\/uploads\/2021\/02\/image0.png?fit=10224%2C7725&ssl=1\",\"width\":10224,\"height\":7725,\"caption\":\"ProM\\u00fasics Mallorca\"},\"image\":{\"@id\":\"https:\/\/www.promusicsmallorca.org\/#logo\"}},{\"@type\":\"WebSite\",\"@id\":\"https:\/\/www.promusicsmallorca.org\/#website\",\"url\":\"https:\/\/www.promusicsmallorca.org\/\",\"name\":\"ProM\\u00fasics Mallorca\",\"description\":\"Associaci\\u00f3 de Professionals de la M\\u00fasica de Mallorca\",\"publisher\":{\"@id\":\"https:\/\/www.promusicsmallorca.org\/#organization\"},\"potentialAction\":[{\"@type\":\"SearchAction\",\"target\":\"https:\/\/www.promusicsmallorca.org\/?s={search_term_string}\",\"query-input\":\"required name=search_term_string\"}],\"inLanguage\":\"es\"},{\"@type\":\"ImageObject\",\"@id\":\"https:\/\/www.promusicsmallorca.org\/es\/catalogo-promusics\/toni-cuenca-jazz-trio\/#primaryimage\",\"inLanguage\":\"es\",\"url\":\"https:\/\/i0.wp.com\/www.promusicsmallorca.org\/wp-content\/uploads\/2021\/02\/IMG_1030.jpg?fit=667%2C1000&ssl=1\",\"width\":667,\"height\":1000},{\"@type\":\"WebPage\",\"@id\":\"https:\/\/www.promusicsmallorca.org\/es\/catalogo-promusics\/toni-cuenca-jazz-trio\/#webpage\",\"url\":\"https:\/\/www.promusicsmallorca.org\/es\/catalogo-promusics\/toni-cuenca-jazz-trio\/\",\"name\":\"Toni Cuenca Jazz Trio - ProM\\u00fasics Mallorca\",\"isPartOf\":{\"@id\":\"https:\/\/www.promusicsmallorca.org\/#website\"},\"primaryImageOfPage\":{\"@id\":\"https:\/\/www.promusicsmallorca.org\/es\/catalogo-promusics\/toni-cuenca-jazz-trio\/#primaryimage\"},\"datePublished\":\"2021-02-21T09:17:41+00:00\",\"dateModified\":\"2022-05-03T16:53:37+00:00\",\"inLanguage\":\"es\",\"potentialAction\":[{\"@type\":\"ReadAction\",\"target\":[\"https:\/\/www.promusicsmallorca.org\/es\/catalogo-promusics\/toni-cuenca-jazz-trio\/\"]}]}]}<\/script>\n<!-- \/ Yoast SEO Premium plugin. -->","jetpack_sharing_enabled":true,"_links":{"self":[{"href":"https:\/\/www.promusicsmallorca.org\/es\/wp-json\/wp\/v2\/product\/2720"}],"collection":[{"href":"https:\/\/www.promusicsmallorca.org\/es\/wp-json\/wp\/v2\/product"}],"about":[{"href":"https:\/\/www.promusicsmallorca.org\/es\/wp-json\/wp\/v2\/types\/product"}],"wp:featuredmedia":[{"embeddable":true,"href":"https:\/\/www.promusicsmallorca.org\/es\/wp-json\/wp\/v2\/media\/2723"}],"wp:attachment":[{"href":"https:\/\/www.promusicsmallorca.org\/es\/wp-json\/wp\/v2\/media?parent=2720"}],"wp:term":[{"taxonomy":"product_cat","embeddable":true,"href":"https:\/\/www.promusicsmallorca.org\/es\/wp-json\/wp\/v2\/product_cat?post=2720"},{"taxonomy":"product_tag","embeddable":true,"href":"https:\/\/www.promusicsmallorca.org\/es\/wp-json\/wp\/v2\/product_tag?post=2720"}],"curies":[{"name":"wp","href":"https:\/\/api.w.org\/{rel}","templated":true}]}}