{"id":2578,"date":"2021-02-20T09:50:45","date_gmt":"2021-02-20T09:50:45","guid":{"rendered":"https:\/\/www.promusicsmallorca.org\/?post_type=product&#038;p=2578"},"modified":"2022-05-03T16:51:29","modified_gmt":"2022-05-03T16:51:29","slug":"dinamo","status":"publish","type":"product","link":"https:\/\/www.promusicsmallorca.org\/es\/catalogo-promusics\/dinamo\/","title":{"rendered":"Dinamo"},"content":{"rendered":"<div class=\"textarea-desti col-xs-12 col-sm-6\">\n<p class=\"form-control second-textarea\">DINAMO es una banda multicultural con proyecci\u00f3n internacional formada en 2014, que desde la isla de Mallorca contin\u00faa expandiendo su m\u00fasica en todo el mundo. El pulso inconfundible de Dinamo se genera gracias a la fusi\u00f3n de ritmos como el ska, el rock, el reggae, la cumbia, el tango o el cuarteto. \u00a1Mestizaje musical por todos los lados! Todo un c\u00f3ctel explosivo 100% Original Latin-Ska marca DINAMO. Entre sus m\u00edticos directos destacan sus actuaciones en importantes festivales de Estados Unidos, M\u00e9xico, Colombia, Jap\u00f3n, Inglaterra, Alemania y en todo el estado espa\u00f1ol.<\/p>\n<pre style=\"text-align: center;\"><a href=\"https:\/\/www.dinamoska.com\" target=\"_blank\" rel=\"noopener\">https:\/\/www.dinamoska.com<\/a>\r\n<a href=\"https:\/\/www.youtube.com\/user\/dinamoska\" target=\"_blank\" rel=\"noopener\">https:\/\/www.youtube.com\/user\/dinamoska<\/a>\r\n<a href=\"https:\/\/www.facebook.com\/dinamoska\" target=\"_blank\" rel=\"noopener\">https:\/\/www.facebook.com\/dinamoska<\/a><\/pre>\n<p style=\"text-align: right;\">Jaume Cerd\u00e0: 658383777 \/ <a href=\"mailto:jaume.cerda.amengual@gmail.com\" target=\"_blank\" rel=\"noopener\">jaume.cerda.amengual@gmail.com<\/a><\/p>\n<\/div>\n","protected":false},"excerpt":{"rendered":"<p style=\"text-align: center;\">Federico Fossati, voz y guitarra<br \/>\nMarcos Herrada Vall\u00e9s, teclados y coros<br \/>\nJoan Roca Pedrosa, bajo<br \/>\nJavier S\u00e1nchez Galan, bater\u00eda<br \/>\nJos\u00e9 Luis Aspas Peris, percusi\u00f3n<br \/>\nMiquel Gay\u00e0 Rein\u00e9s, tromb\u00f3n<br \/>\nJaume Cerd\u00e0 Amengual, trompeta<\/p>\n","protected":false},"featured_media":2580,"template":"","meta":{"_et_pb_use_builder":"","_et_pb_old_content":"","_et_gb_content_width":""},"product_cat":[120,158,187],"product_tag":[106],"yoast_head":"<!-- This site is optimized with the Yoast SEO Premium plugin v15.7 - https:\/\/yoast.com\/wordpress\/plugins\/seo\/ -->\n<title>Dinamo - ProM\u00fasics Mallorca<\/title>\n<meta name=\"robots\" content=\"index, follow, max-snippet:-1, max-image-preview:large, max-video-preview:-1\" \/>\n<link rel=\"canonical\" href=\"https:\/\/www.promusicsmallorca.org\/es\/catalogo-promusics\/dinamo\/\" \/>\n<meta property=\"og:locale\" content=\"es_ES\" \/>\n<meta property=\"og:type\" content=\"article\" \/>\n<meta property=\"og:title\" content=\"Dinamo - ProM\u00fasics Mallorca\" \/>\n<meta property=\"og:description\" content=\"Federico Fossati, voz y guitarra Marcos Herrada Vall\u00e9s, teclados y coros Joan Roca Pedrosa, bajo Javier S\u00e1nchez Galan, bater\u00eda Jos\u00e9 Luis Aspas Peris, percusi\u00f3n Miquel Gay\u00e0 Rein\u00e9s, tromb\u00f3n Jaume Cerd\u00e0 Amengual, trompeta\" \/>\n<meta property=\"og:url\" content=\"https:\/\/www.promusicsmallorca.org\/es\/catalogo-promusics\/dinamo\/\" \/>\n<meta property=\"og:site_name\" content=\"ProM\u00fasics Mallorca\" \/>\n<meta property=\"article:publisher\" content=\"https:\/\/www.facebook.com\/promusicsmallorca\" \/>\n<meta property=\"article:modified_time\" content=\"2022-05-03T16:51:29+00:00\" \/>\n<meta property=\"og:image\" content=\"https:\/\/i0.wp.com\/www.promusicsmallorca.org\/wp-content\/uploads\/2021\/02\/32815922_10155310160011712_6046313727899205632_o.jpg?fit=2048%2C1221&#038;ssl=1\" \/>\n\t<meta property=\"og:image:width\" content=\"2048\" \/>\n\t<meta property=\"og:image:height\" content=\"1221\" \/>\n<meta name=\"twitter:card\" content=\"summary_large_image\" \/>\n<meta name=\"twitter:label1\" content=\"Tiempo de lectura\">\n\t<meta name=\"twitter:data1\" content=\"1 minuto\">\n<script type=\"application\/ld+json\" class=\"yoast-schema-graph\">{\"@context\":\"https:\/\/schema.org\",\"@graph\":[{\"@type\":\"Organization\",\"@id\":\"https:\/\/www.promusicsmallorca.org\/#organization\",\"name\":\"ProM\\u00fasics Mallorca\",\"url\":\"https:\/\/www.promusicsmallorca.org\/\",\"sameAs\":[\"https:\/\/www.facebook.com\/promusicsmallorca\",\"https:\/\/www.instagram.com\/promusicsmallorca\/\",\"https:\/\/www.youtube.com\/channel\/UCWwttYA4JPovS2RZiGlHgpA\"],\"logo\":{\"@type\":\"ImageObject\",\"@id\":\"https:\/\/www.promusicsmallorca.org\/#logo\",\"inLanguage\":\"es\",\"url\":\"https:\/\/i0.wp.com\/www.promusicsmallorca.org\/wp-content\/uploads\/2021\/02\/image0.png?fit=10224%2C7725&ssl=1\",\"width\":10224,\"height\":7725,\"caption\":\"ProM\\u00fasics Mallorca\"},\"image\":{\"@id\":\"https:\/\/www.promusicsmallorca.org\/#logo\"}},{\"@type\":\"WebSite\",\"@id\":\"https:\/\/www.promusicsmallorca.org\/#website\",\"url\":\"https:\/\/www.promusicsmallorca.org\/\",\"name\":\"ProM\\u00fasics Mallorca\",\"description\":\"Associaci\\u00f3 de Professionals de la M\\u00fasica de Mallorca\",\"publisher\":{\"@id\":\"https:\/\/www.promusicsmallorca.org\/#organization\"},\"potentialAction\":[{\"@type\":\"SearchAction\",\"target\":\"https:\/\/www.promusicsmallorca.org\/?s={search_term_string}\",\"query-input\":\"required name=search_term_string\"}],\"inLanguage\":\"es\"},{\"@type\":\"ImageObject\",\"@id\":\"https:\/\/www.promusicsmallorca.org\/es\/catalogo-promusics\/dinamo\/#primaryimage\",\"inLanguage\":\"es\",\"url\":\"https:\/\/i0.wp.com\/www.promusicsmallorca.org\/wp-content\/uploads\/2021\/02\/32815922_10155310160011712_6046313727899205632_o.jpg?fit=2048%2C1221&ssl=1\",\"width\":2048,\"height\":1221},{\"@type\":\"WebPage\",\"@id\":\"https:\/\/www.promusicsmallorca.org\/es\/catalogo-promusics\/dinamo\/#webpage\",\"url\":\"https:\/\/www.promusicsmallorca.org\/es\/catalogo-promusics\/dinamo\/\",\"name\":\"Dinamo - ProM\\u00fasics Mallorca\",\"isPartOf\":{\"@id\":\"https:\/\/www.promusicsmallorca.org\/#website\"},\"primaryImageOfPage\":{\"@id\":\"https:\/\/www.promusicsmallorca.org\/es\/catalogo-promusics\/dinamo\/#primaryimage\"},\"datePublished\":\"2021-02-20T09:50:45+00:00\",\"dateModified\":\"2022-05-03T16:51:29+00:00\",\"inLanguage\":\"es\",\"potentialAction\":[{\"@type\":\"ReadAction\",\"target\":[\"https:\/\/www.promusicsmallorca.org\/es\/catalogo-promusics\/dinamo\/\"]}]}]}<\/script>\n<!-- \/ Yoast SEO Premium plugin. -->","jetpack_sharing_enabled":true,"_links":{"self":[{"href":"https:\/\/www.promusicsmallorca.org\/es\/wp-json\/wp\/v2\/product\/2578"}],"collection":[{"href":"https:\/\/www.promusicsmallorca.org\/es\/wp-json\/wp\/v2\/product"}],"about":[{"href":"https:\/\/www.promusicsmallorca.org\/es\/wp-json\/wp\/v2\/types\/product"}],"wp:featuredmedia":[{"embeddable":true,"href":"https:\/\/www.promusicsmallorca.org\/es\/wp-json\/wp\/v2\/media\/2580"}],"wp:attachment":[{"href":"https:\/\/www.promusicsmallorca.org\/es\/wp-json\/wp\/v2\/media?parent=2578"}],"wp:term":[{"taxonomy":"product_cat","embeddable":true,"href":"https:\/\/www.promusicsmallorca.org\/es\/wp-json\/wp\/v2\/product_cat?post=2578"},{"taxonomy":"product_tag","embeddable":true,"href":"https:\/\/www.promusicsmallorca.org\/es\/wp-json\/wp\/v2\/product_tag?post=2578"}],"curies":[{"name":"wp","href":"https:\/\/api.w.org\/{rel}","templated":true}]}}