{"id":2544,"date":"2021-02-19T18:01:06","date_gmt":"2021-02-19T18:01:06","guid":{"rendered":"https:\/\/www.promusicsmallorca.org\/?post_type=product&#038;p=2544"},"modified":"2022-05-03T16:51:08","modified_gmt":"2022-05-03T16:51:08","slug":"ara-la-fada-canta-jazz","status":"publish","type":"product","link":"https:\/\/www.promusicsmallorca.org\/es\/catalogo-promusics\/ara-la-fada-canta-jazz\/","title":{"rendered":"Ara la Fada Canta Jazz"},"content":{"rendered":"<div class=\"textarea-desti col-xs-12 col-sm-6\">\n<div class=\"form-control second-textarea\">Concierto did\u00e1ctico de swing con m\u00fasicos en directo. Queremos compartir la m\u00fasica como un juego, que es como la vivimos nosotros. Manteniendo el esp\u00edritu de los espect\u00e1culos del hada Despistada, La creaci\u00f3n de una Big band es una oportunidad \u00fanica de descubrir y disfrutar de las grandes obras del jazz del siglo XX. El hada Despistada adapta el repertorio cantado de la ERA DEL SWING como un cuento musical. El repertorio comprende composiciones de los grandes del Swing tales como Count Bassie, Duke Ellington, Benny Goodman y Nat King Cole. Opci\u00f3n de audici\u00f3n escolar CON GU\u00cdA DID\u00c1CTICA.<\/div>\n<\/div>\n<pre style=\"text-align: center;\"><a href=\"https:\/\/youtu.be\/NwaHwgysJT8\" target=\"_blank\" rel=\"noopener\">https:\/\/youtu.be\/NwaHwgysJT8<\/a>\r\n<a href=\"https:\/\/youtu.be\/QwIkas1RI6U\" target=\"_blank\" rel=\"noopener\">https:\/\/youtu.be\/QwIkas1RI6U<\/a>\r\n<a href=\"https:\/\/youtu.be\/h1P4zYOBKCY\" target=\"_blank\" rel=\"noopener\">https:\/\/youtu.be\/h1P4zYOBKCY<\/a><\/pre>\n<p style=\"text-align: right;\">Cecilia Adriana: 667399221\/ <a href=\"mailto:fada@lafadadespistada.org\" target=\"_blank\" rel=\"noopener\">fada@lafadadespistada.org<\/a><\/p>\n","protected":false},"excerpt":{"rendered":"<p style=\"text-align: center;\">CECILIA ADRIANA GIM\u00c9NEZ PEDROZA &#8211; VOZ<br \/>\nSALVADOR FONT &#8211; BATER\u00edA<br \/>\nPABLO DI SALVO &#8211; CONTRABAJO<br \/>\nJOAN LUNA FRONTERA &#8211; PIANO<br \/>\nJOAN CARLES MEDINA SAXO &#8211; TENOR<br \/>\nFRAN CATAL\u00c0 &#8211; SAXO ALTO<br \/>\nGUILLEM NADAL &#8211; TROMPETA<br \/>\nGUIM GARCIA BALASH &#8211; SAXO ALTO<br \/>\nJAUME BLAZQUEZ &#8211; TROMPETA<br \/>\nJOAN VALLBONA &#8211; GUITARRA<br \/>\nMARIA ANTONIA GILI &#8211; TROMPETA<br \/>\nLLUC BIMBO &#8211; TROMB\u00d3N<br \/>\nJOSEP OLIVER &#8211; TROMB\u00d3N<br \/>\nMIQUEL GAY\u00c0 &#8211; TROMB\u00d3N<br \/>\nMIGUEL MOISES &#8211; TROMB\u00d3N<br \/>\nMIRON RAFAJLOVIC &#8211; TROMPETA<br \/>\nNACHO TOMILLO &#8211; SAXO TENOR<br \/>\nANTONI PUIG &#8211; T\u00c9CNICO<\/p>\n","protected":false},"featured_media":2545,"template":"","meta":{"_et_pb_use_builder":"","_et_pb_old_content":"","_et_gb_content_width":""},"product_cat":[161,122],"product_tag":[106],"yoast_head":"<!-- This site is optimized with the Yoast SEO Premium plugin v15.7 - https:\/\/yoast.com\/wordpress\/plugins\/seo\/ -->\n<title>Ara la Fada Canta Jazz - ProM\u00fasics Mallorca<\/title>\n<meta name=\"robots\" content=\"index, follow, max-snippet:-1, max-image-preview:large, max-video-preview:-1\" \/>\n<link rel=\"canonical\" href=\"https:\/\/www.promusicsmallorca.org\/es\/catalogo-promusics\/ara-la-fada-canta-jazz\/\" \/>\n<meta property=\"og:locale\" content=\"es_ES\" \/>\n<meta property=\"og:type\" content=\"article\" \/>\n<meta property=\"og:title\" content=\"Ara la Fada Canta Jazz - ProM\u00fasics Mallorca\" \/>\n<meta property=\"og:description\" content=\"CECILIA ADRIANA GIM\u00c9NEZ PEDROZA - VOZ SALVADOR FONT - BATER\u00edA PABLO DI SALVO - CONTRABAJO JOAN LUNA FRONTERA - PIANO JOAN CARLES MEDINA SAXO - TENOR FRAN CATAL\u00c0 - SAXO ALTO GUILLEM NADAL - TROMPETA GUIM GARCIA BALASH - SAXO ALTO JAUME BLAZQUEZ - TROMPETA JOAN VALLBONA - GUITARRA MARIA ANTONIA GILI - TROMPETA LLUC BIMBO - TROMB\u00d3N JOSEP OLIVER - TROMB\u00d3N MIQUEL GAY\u00c0 - TROMB\u00d3N MIGUEL MOISES - TROMB\u00d3N MIRON RAFAJLOVIC - TROMPETA NACHO TOMILLO - SAXO TENOR ANTONI PUIG - T\u00c9CNICO\" \/>\n<meta property=\"og:url\" content=\"https:\/\/www.promusicsmallorca.org\/es\/catalogo-promusics\/ara-la-fada-canta-jazz\/\" \/>\n<meta property=\"og:site_name\" content=\"ProM\u00fasics Mallorca\" \/>\n<meta property=\"article:publisher\" content=\"https:\/\/www.facebook.com\/promusicsmallorca\" \/>\n<meta property=\"article:modified_time\" content=\"2022-05-03T16:51:08+00:00\" \/>\n<meta property=\"og:image\" content=\"https:\/\/i0.wp.com\/www.promusicsmallorca.org\/wp-content\/uploads\/2021\/02\/fada-13-1-scaled.jpg?fit=2560%2C1707&#038;ssl=1\" \/>\n\t<meta property=\"og:image:width\" content=\"2560\" \/>\n\t<meta property=\"og:image:height\" content=\"1707\" \/>\n<meta name=\"twitter:card\" content=\"summary_large_image\" \/>\n<meta name=\"twitter:label1\" content=\"Tiempo de lectura\">\n\t<meta name=\"twitter:data1\" content=\"1 minuto\">\n<script type=\"application\/ld+json\" class=\"yoast-schema-graph\">{\"@context\":\"https:\/\/schema.org\",\"@graph\":[{\"@type\":\"Organization\",\"@id\":\"https:\/\/www.promusicsmallorca.org\/#organization\",\"name\":\"ProM\\u00fasics Mallorca\",\"url\":\"https:\/\/www.promusicsmallorca.org\/\",\"sameAs\":[\"https:\/\/www.facebook.com\/promusicsmallorca\",\"https:\/\/www.instagram.com\/promusicsmallorca\/\",\"https:\/\/www.youtube.com\/channel\/UCWwttYA4JPovS2RZiGlHgpA\"],\"logo\":{\"@type\":\"ImageObject\",\"@id\":\"https:\/\/www.promusicsmallorca.org\/#logo\",\"inLanguage\":\"es\",\"url\":\"https:\/\/i0.wp.com\/www.promusicsmallorca.org\/wp-content\/uploads\/2021\/02\/image0.png?fit=10224%2C7725&ssl=1\",\"width\":10224,\"height\":7725,\"caption\":\"ProM\\u00fasics Mallorca\"},\"image\":{\"@id\":\"https:\/\/www.promusicsmallorca.org\/#logo\"}},{\"@type\":\"WebSite\",\"@id\":\"https:\/\/www.promusicsmallorca.org\/#website\",\"url\":\"https:\/\/www.promusicsmallorca.org\/\",\"name\":\"ProM\\u00fasics Mallorca\",\"description\":\"Associaci\\u00f3 de Professionals de la M\\u00fasica de Mallorca\",\"publisher\":{\"@id\":\"https:\/\/www.promusicsmallorca.org\/#organization\"},\"potentialAction\":[{\"@type\":\"SearchAction\",\"target\":\"https:\/\/www.promusicsmallorca.org\/?s={search_term_string}\",\"query-input\":\"required name=search_term_string\"}],\"inLanguage\":\"es\"},{\"@type\":\"ImageObject\",\"@id\":\"https:\/\/www.promusicsmallorca.org\/es\/catalogo-promusics\/ara-la-fada-canta-jazz\/#primaryimage\",\"inLanguage\":\"es\",\"url\":\"https:\/\/i0.wp.com\/www.promusicsmallorca.org\/wp-content\/uploads\/2021\/02\/fada-13-1-scaled.jpg?fit=2560%2C1707&ssl=1\",\"width\":2560,\"height\":1707},{\"@type\":\"WebPage\",\"@id\":\"https:\/\/www.promusicsmallorca.org\/es\/catalogo-promusics\/ara-la-fada-canta-jazz\/#webpage\",\"url\":\"https:\/\/www.promusicsmallorca.org\/es\/catalogo-promusics\/ara-la-fada-canta-jazz\/\",\"name\":\"Ara la Fada Canta Jazz - ProM\\u00fasics Mallorca\",\"isPartOf\":{\"@id\":\"https:\/\/www.promusicsmallorca.org\/#website\"},\"primaryImageOfPage\":{\"@id\":\"https:\/\/www.promusicsmallorca.org\/es\/catalogo-promusics\/ara-la-fada-canta-jazz\/#primaryimage\"},\"datePublished\":\"2021-02-19T18:01:06+00:00\",\"dateModified\":\"2022-05-03T16:51:08+00:00\",\"inLanguage\":\"es\",\"potentialAction\":[{\"@type\":\"ReadAction\",\"target\":[\"https:\/\/www.promusicsmallorca.org\/es\/catalogo-promusics\/ara-la-fada-canta-jazz\/\"]}]}]}<\/script>\n<!-- \/ Yoast SEO Premium plugin. -->","jetpack_sharing_enabled":true,"_links":{"self":[{"href":"https:\/\/www.promusicsmallorca.org\/es\/wp-json\/wp\/v2\/product\/2544"}],"collection":[{"href":"https:\/\/www.promusicsmallorca.org\/es\/wp-json\/wp\/v2\/product"}],"about":[{"href":"https:\/\/www.promusicsmallorca.org\/es\/wp-json\/wp\/v2\/types\/product"}],"wp:featuredmedia":[{"embeddable":true,"href":"https:\/\/www.promusicsmallorca.org\/es\/wp-json\/wp\/v2\/media\/2545"}],"wp:attachment":[{"href":"https:\/\/www.promusicsmallorca.org\/es\/wp-json\/wp\/v2\/media?parent=2544"}],"wp:term":[{"taxonomy":"product_cat","embeddable":true,"href":"https:\/\/www.promusicsmallorca.org\/es\/wp-json\/wp\/v2\/product_cat?post=2544"},{"taxonomy":"product_tag","embeddable":true,"href":"https:\/\/www.promusicsmallorca.org\/es\/wp-json\/wp\/v2\/product_tag?post=2544"}],"curies":[{"name":"wp","href":"https:\/\/api.w.org\/{rel}","templated":true}]}}