{"id":2470,"date":"2021-02-15T18:35:52","date_gmt":"2021-02-15T18:35:52","guid":{"rendered":"https:\/\/www.promusicsmallorca.org\/?post_type=product&#038;p=2470"},"modified":"2022-05-03T16:50:06","modified_gmt":"2022-05-03T16:50:06","slug":"tom-trovador-y-marcella-ceraolo","status":"publish","type":"product","link":"https:\/\/www.promusicsmallorca.org\/es\/catalogo-promusics\/tom-trovador-y-marcella-ceraolo\/","title":{"rendered":"Tom Trovador y Marcella Ceraolo"},"content":{"rendered":"<p style=\"text-align: left;\">SIMPLEMENTE LIBRES: Porque la m\u00fasica es libertad los cantautores unen sus repertorios en un concierto donde ensamblan las voces, las guitarras y las canciones para elevar las almas del p\u00fablico all\u00ed presente. Marcella Ceraolo (1987, Las Piedras, Canelones, R.O del Uruguay), es cantante, compositora, m\u00fasica e int\u00e9rprete radicada en Mallorca desde 2019. Cantautor nacido en el 71 en Suiza, empez\u00f3 su verdadera formaci\u00f3n en las calles de Sevilla y desarrolla su carrera musical en Mallorca desde hace m\u00e1s de 12 a\u00f1os.<\/p>\n<pre style=\"text-align: center;\"><a href=\"https:\/\/www.youtube.com\/watch?v=oWNXugUlvFY\" target=\"_blank\" rel=\"noopener\">https:\/\/www.youtube.com\/watch?v=oWNXugUlvFY<\/a>\r\n<a href=\"https:\/\/open.spotify.com\/track\/0E6iUgBQRrB04jGBv4LQo9\" target=\"_blank\" rel=\"noopener\">https:\/\/open.spotify.com\/track\/0E6iUgBQRrB04jGBv4LQo9<\/a>\r\n<a href=\"https:\/\/open.spotify.com\/track\/5Bn4Quv4WIF7aVGwiIBbIy\" target=\"_blank\" rel=\"noopener\">https:\/\/open.spotify.com\/track\/5Bn4Quv4WIF7aVGwiIBbIy<\/a><\/pre>\n<p style=\"text-align: right;\">Tom Trovador: 617567445 \/ <a href=\"mailto:tomtrovador@gmail.com\" target=\"_blank\" rel=\"noopener\">tomtrovador@gmail.com<\/a><\/p>\n","protected":false},"excerpt":{"rendered":"<p style=\"text-align: center;\">Tom Trovador \/ GUITARRA Y VOZ<br \/>\nMarcella Ceraolo \/ GUITARRA, VOZ, PEDAL LOOP<\/p>\n","protected":false},"featured_media":2471,"template":"","meta":{"_et_pb_use_builder":"","_et_pb_old_content":"","_et_gb_content_width":""},"product_cat":[130,117,134,84],"product_tag":[91],"yoast_head":"<!-- This site is optimized with the Yoast SEO Premium plugin v15.7 - https:\/\/yoast.com\/wordpress\/plugins\/seo\/ -->\n<title>Tom Trovador y Marcella Ceraolo - ProM\u00fasics Mallorca<\/title>\n<meta name=\"robots\" content=\"index, follow, max-snippet:-1, max-image-preview:large, max-video-preview:-1\" \/>\n<link rel=\"canonical\" href=\"https:\/\/www.promusicsmallorca.org\/es\/catalogo-promusics\/tom-trovador-y-marcella-ceraolo\/\" \/>\n<meta property=\"og:locale\" content=\"es_ES\" \/>\n<meta property=\"og:type\" content=\"article\" \/>\n<meta property=\"og:title\" content=\"Tom Trovador y Marcella Ceraolo - ProM\u00fasics Mallorca\" \/>\n<meta property=\"og:description\" content=\"Tom Trovador \/ GUITARRA Y VOZ Marcella Ceraolo \/ GUITARRA, VOZ, PEDAL LOOP\" \/>\n<meta property=\"og:url\" content=\"https:\/\/www.promusicsmallorca.org\/es\/catalogo-promusics\/tom-trovador-y-marcella-ceraolo\/\" \/>\n<meta property=\"og:site_name\" content=\"ProM\u00fasics Mallorca\" \/>\n<meta property=\"article:publisher\" content=\"https:\/\/www.facebook.com\/promusicsmallorca\" \/>\n<meta property=\"article:modified_time\" content=\"2022-05-03T16:50:06+00:00\" \/>\n<meta property=\"og:image\" content=\"https:\/\/www.promusicsmallorca.org\/wp-content\/uploads\/2021\/02\/5DHF8236-1080x720.jpg\" \/>\n\t<meta property=\"og:image:width\" content=\"1080\" \/>\n\t<meta property=\"og:image:height\" content=\"720\" \/>\n<meta name=\"twitter:card\" content=\"summary_large_image\" \/>\n<meta name=\"twitter:label1\" content=\"Tiempo de lectura\">\n\t<meta name=\"twitter:data1\" content=\"1 minuto\">\n<script type=\"application\/ld+json\" class=\"yoast-schema-graph\">{\"@context\":\"https:\/\/schema.org\",\"@graph\":[{\"@type\":\"Organization\",\"@id\":\"https:\/\/www.promusicsmallorca.org\/#organization\",\"name\":\"ProM\\u00fasics Mallorca\",\"url\":\"https:\/\/www.promusicsmallorca.org\/\",\"sameAs\":[\"https:\/\/www.facebook.com\/promusicsmallorca\",\"https:\/\/www.instagram.com\/promusicsmallorca\/\",\"https:\/\/www.youtube.com\/channel\/UCWwttYA4JPovS2RZiGlHgpA\"],\"logo\":{\"@type\":\"ImageObject\",\"@id\":\"https:\/\/www.promusicsmallorca.org\/#logo\",\"inLanguage\":\"es\",\"url\":\"https:\/\/i0.wp.com\/www.promusicsmallorca.org\/wp-content\/uploads\/2021\/02\/image0.png?fit=10224%2C7725&ssl=1\",\"width\":10224,\"height\":7725,\"caption\":\"ProM\\u00fasics Mallorca\"},\"image\":{\"@id\":\"https:\/\/www.promusicsmallorca.org\/#logo\"}},{\"@type\":\"WebSite\",\"@id\":\"https:\/\/www.promusicsmallorca.org\/#website\",\"url\":\"https:\/\/www.promusicsmallorca.org\/\",\"name\":\"ProM\\u00fasics Mallorca\",\"description\":\"Associaci\\u00f3 de Professionals de la M\\u00fasica de Mallorca\",\"publisher\":{\"@id\":\"https:\/\/www.promusicsmallorca.org\/#organization\"},\"potentialAction\":[{\"@type\":\"SearchAction\",\"target\":\"https:\/\/www.promusicsmallorca.org\/?s={search_term_string}\",\"query-input\":\"required name=search_term_string\"}],\"inLanguage\":\"es\"},{\"@type\":\"ImageObject\",\"@id\":\"https:\/\/www.promusicsmallorca.org\/es\/catalogo-promusics\/tom-trovador-y-marcella-ceraolo\/#primaryimage\",\"inLanguage\":\"es\",\"url\":\"https:\/\/i0.wp.com\/www.promusicsmallorca.org\/wp-content\/uploads\/2021\/02\/5DHF8236.jpg?fit=2500%2C1667&ssl=1\",\"width\":2500,\"height\":1667},{\"@type\":\"WebPage\",\"@id\":\"https:\/\/www.promusicsmallorca.org\/es\/catalogo-promusics\/tom-trovador-y-marcella-ceraolo\/#webpage\",\"url\":\"https:\/\/www.promusicsmallorca.org\/es\/catalogo-promusics\/tom-trovador-y-marcella-ceraolo\/\",\"name\":\"Tom Trovador y Marcella Ceraolo - ProM\\u00fasics Mallorca\",\"isPartOf\":{\"@id\":\"https:\/\/www.promusicsmallorca.org\/#website\"},\"primaryImageOfPage\":{\"@id\":\"https:\/\/www.promusicsmallorca.org\/es\/catalogo-promusics\/tom-trovador-y-marcella-ceraolo\/#primaryimage\"},\"datePublished\":\"2021-02-15T18:35:52+00:00\",\"dateModified\":\"2022-05-03T16:50:06+00:00\",\"inLanguage\":\"es\",\"potentialAction\":[{\"@type\":\"ReadAction\",\"target\":[\"https:\/\/www.promusicsmallorca.org\/es\/catalogo-promusics\/tom-trovador-y-marcella-ceraolo\/\"]}]}]}<\/script>\n<!-- \/ Yoast SEO Premium plugin. -->","jetpack_sharing_enabled":true,"_links":{"self":[{"href":"https:\/\/www.promusicsmallorca.org\/es\/wp-json\/wp\/v2\/product\/2470"}],"collection":[{"href":"https:\/\/www.promusicsmallorca.org\/es\/wp-json\/wp\/v2\/product"}],"about":[{"href":"https:\/\/www.promusicsmallorca.org\/es\/wp-json\/wp\/v2\/types\/product"}],"wp:featuredmedia":[{"embeddable":true,"href":"https:\/\/www.promusicsmallorca.org\/es\/wp-json\/wp\/v2\/media\/2471"}],"wp:attachment":[{"href":"https:\/\/www.promusicsmallorca.org\/es\/wp-json\/wp\/v2\/media?parent=2470"}],"wp:term":[{"taxonomy":"product_cat","embeddable":true,"href":"https:\/\/www.promusicsmallorca.org\/es\/wp-json\/wp\/v2\/product_cat?post=2470"},{"taxonomy":"product_tag","embeddable":true,"href":"https:\/\/www.promusicsmallorca.org\/es\/wp-json\/wp\/v2\/product_tag?post=2470"}],"curies":[{"name":"wp","href":"https:\/\/api.w.org\/{rel}","templated":true}]}}