{"id":2378,"date":"2021-02-14T09:47:37","date_gmt":"2021-02-14T09:47:37","guid":{"rendered":"https:\/\/www.promusicsmallorca.org\/?post_type=product&#038;p=2378"},"modified":"2022-05-03T16:22:03","modified_gmt":"2022-05-03T16:22:03","slug":"romeo","status":"publish","type":"product","link":"https:\/\/www.promusicsmallorca.org\/es\/catalogo-promusics\/romeo\/","title":{"rendered":"Romeo"},"content":{"rendered":"<div class=\"textarea-desti col-xs-12 col-sm-6\">\n<div class=\"textarea-desti col-xs-12 col-sm-6\">\n<div class=\"form-control second-textarea\">ROMEO es un embajador musical, un placer art\u00edstico y una deuda personal de Cec\u00edlia Gim\u00e9nez: Cantando y compositora desde 2000, creadora de la @FadaDespistada desde 2007 con 3 discos editados, uno de ellos con composiciones originales en mallorqu\u00edn; integrando de Little Lion Tr\u00edo con un disco editado y cantante de la @GlissandoBigBand con un disco editado y ganador del premio Enderrock 2018. En estos proyectos he desplegado diferentes facetas de mi voz y personalidad pero faltaba esta: profunda, antigua, sentida, dolorosa, \u00edntima, libre y natural como la vida misma. CANCIONES ORIGINALES.<\/div>\n<\/div>\n<pre style=\"text-align: center;\"><a href=\"https:\/\/youtu.be\/0hAC1byljOw\" target=\"_blank\" rel=\"noopener\">https:\/\/youtu.be\/0hAC1byljOw<\/a>\r\n<a href=\"https:\/\/youtu.be\/B77DYofqg5w\" target=\"_blank\" rel=\"noopener\">https:\/\/youtu.be\/B77DYofqg5w<\/a>\r\n<a href=\"https:\/\/ceigimenez.wordpress.com\" target=\"_blank\" rel=\"noopener\">https:\/\/ceigimenez.wordpress.com<\/a><\/pre>\n<p style=\"text-align: right;\">Cecilia Adriana: 667399221\/ <a href=\"mailto:CEIGIMENEZ@icloud.com\" target=\"_blank\" rel=\"noopener\">CEIGIMENEZ@icloud.com<\/a><\/p>\n<\/div>\n","protected":false},"excerpt":{"rendered":"<p style=\"text-align: center;\">Marko Lohikari &#8211; Contrabajo<br \/>\nPep Llu\u00eds Garc\u00eda &#8211; Bater\u00eda<br \/>\nToni Mora &#8211; Piano<br \/>\nCecilia Adriana &#8211; Voz<\/p>\n<pre><\/pre>\n","protected":false},"featured_media":2379,"template":"","meta":{"_et_pb_use_builder":"","_et_pb_old_content":"","_et_gb_content_width":""},"product_cat":[96,115,84],"product_tag":[72],"yoast_head":"<!-- This site is optimized with the Yoast SEO Premium plugin v15.7 - https:\/\/yoast.com\/wordpress\/plugins\/seo\/ -->\n<title>Romeo - ProM\u00fasics Mallorca<\/title>\n<meta name=\"robots\" content=\"index, follow, max-snippet:-1, max-image-preview:large, max-video-preview:-1\" \/>\n<link rel=\"canonical\" href=\"https:\/\/www.promusicsmallorca.org\/es\/catalogo-promusics\/romeo\/\" \/>\n<meta property=\"og:locale\" content=\"es_ES\" \/>\n<meta property=\"og:type\" content=\"article\" \/>\n<meta property=\"og:title\" content=\"Romeo - ProM\u00fasics Mallorca\" \/>\n<meta property=\"og:description\" content=\"Marko Lohikari - Contrabajo Pep Llu\u00eds Garc\u00eda - Bater\u00eda Toni Mora - Piano Cecilia Adriana - Voz\" \/>\n<meta property=\"og:url\" content=\"https:\/\/www.promusicsmallorca.org\/es\/catalogo-promusics\/romeo\/\" \/>\n<meta property=\"og:site_name\" content=\"ProM\u00fasics Mallorca\" \/>\n<meta property=\"article:publisher\" content=\"https:\/\/www.facebook.com\/promusicsmallorca\" \/>\n<meta property=\"article:modified_time\" content=\"2022-05-03T16:22:03+00:00\" \/>\n<meta property=\"og:image\" content=\"https:\/\/i0.wp.com\/www.promusicsmallorca.org\/wp-content\/uploads\/2021\/02\/Lavidasin014-scaled.jpg?fit=2560%2C1789&#038;ssl=1\" \/>\n\t<meta property=\"og:image:width\" content=\"2560\" \/>\n\t<meta property=\"og:image:height\" content=\"1789\" \/>\n<meta name=\"twitter:card\" content=\"summary_large_image\" \/>\n<meta name=\"twitter:label1\" content=\"Tiempo de lectura\">\n\t<meta name=\"twitter:data1\" content=\"1 minuto\">\n<script type=\"application\/ld+json\" class=\"yoast-schema-graph\">{\"@context\":\"https:\/\/schema.org\",\"@graph\":[{\"@type\":\"Organization\",\"@id\":\"https:\/\/www.promusicsmallorca.org\/#organization\",\"name\":\"ProM\\u00fasics Mallorca\",\"url\":\"https:\/\/www.promusicsmallorca.org\/\",\"sameAs\":[\"https:\/\/www.facebook.com\/promusicsmallorca\",\"https:\/\/www.instagram.com\/promusicsmallorca\/\",\"https:\/\/www.youtube.com\/channel\/UCWwttYA4JPovS2RZiGlHgpA\"],\"logo\":{\"@type\":\"ImageObject\",\"@id\":\"https:\/\/www.promusicsmallorca.org\/#logo\",\"inLanguage\":\"es\",\"url\":\"https:\/\/i0.wp.com\/www.promusicsmallorca.org\/wp-content\/uploads\/2021\/02\/image0.png?fit=10224%2C7725&ssl=1\",\"width\":10224,\"height\":7725,\"caption\":\"ProM\\u00fasics Mallorca\"},\"image\":{\"@id\":\"https:\/\/www.promusicsmallorca.org\/#logo\"}},{\"@type\":\"WebSite\",\"@id\":\"https:\/\/www.promusicsmallorca.org\/#website\",\"url\":\"https:\/\/www.promusicsmallorca.org\/\",\"name\":\"ProM\\u00fasics Mallorca\",\"description\":\"Associaci\\u00f3 de Professionals de la M\\u00fasica de Mallorca\",\"publisher\":{\"@id\":\"https:\/\/www.promusicsmallorca.org\/#organization\"},\"potentialAction\":[{\"@type\":\"SearchAction\",\"target\":\"https:\/\/www.promusicsmallorca.org\/?s={search_term_string}\",\"query-input\":\"required name=search_term_string\"}],\"inLanguage\":\"es\"},{\"@type\":\"ImageObject\",\"@id\":\"https:\/\/www.promusicsmallorca.org\/es\/catalogo-promusics\/romeo\/#primaryimage\",\"inLanguage\":\"es\",\"url\":\"https:\/\/i0.wp.com\/www.promusicsmallorca.org\/wp-content\/uploads\/2021\/02\/Lavidasin014-scaled.jpg?fit=2560%2C1789&ssl=1\",\"width\":2560,\"height\":1789},{\"@type\":\"WebPage\",\"@id\":\"https:\/\/www.promusicsmallorca.org\/es\/catalogo-promusics\/romeo\/#webpage\",\"url\":\"https:\/\/www.promusicsmallorca.org\/es\/catalogo-promusics\/romeo\/\",\"name\":\"Romeo - ProM\\u00fasics Mallorca\",\"isPartOf\":{\"@id\":\"https:\/\/www.promusicsmallorca.org\/#website\"},\"primaryImageOfPage\":{\"@id\":\"https:\/\/www.promusicsmallorca.org\/es\/catalogo-promusics\/romeo\/#primaryimage\"},\"datePublished\":\"2021-02-14T09:47:37+00:00\",\"dateModified\":\"2022-05-03T16:22:03+00:00\",\"inLanguage\":\"es\",\"potentialAction\":[{\"@type\":\"ReadAction\",\"target\":[\"https:\/\/www.promusicsmallorca.org\/es\/catalogo-promusics\/romeo\/\"]}]}]}<\/script>\n<!-- \/ Yoast SEO Premium plugin. -->","jetpack_sharing_enabled":true,"_links":{"self":[{"href":"https:\/\/www.promusicsmallorca.org\/es\/wp-json\/wp\/v2\/product\/2378"}],"collection":[{"href":"https:\/\/www.promusicsmallorca.org\/es\/wp-json\/wp\/v2\/product"}],"about":[{"href":"https:\/\/www.promusicsmallorca.org\/es\/wp-json\/wp\/v2\/types\/product"}],"wp:featuredmedia":[{"embeddable":true,"href":"https:\/\/www.promusicsmallorca.org\/es\/wp-json\/wp\/v2\/media\/2379"}],"wp:attachment":[{"href":"https:\/\/www.promusicsmallorca.org\/es\/wp-json\/wp\/v2\/media?parent=2378"}],"wp:term":[{"taxonomy":"product_cat","embeddable":true,"href":"https:\/\/www.promusicsmallorca.org\/es\/wp-json\/wp\/v2\/product_cat?post=2378"},{"taxonomy":"product_tag","embeddable":true,"href":"https:\/\/www.promusicsmallorca.org\/es\/wp-json\/wp\/v2\/product_tag?post=2378"}],"curies":[{"name":"wp","href":"https:\/\/api.w.org\/{rel}","templated":true}]}}