{"id":2204,"date":"2021-02-08T08:39:37","date_gmt":"2021-02-08T08:39:37","guid":{"rendered":"https:\/\/www.promusicsmallorca.org\/?post_type=product&#038;p=2204"},"modified":"2022-05-03T16:46:50","modified_gmt":"2022-05-03T16:46:50","slug":"lost-in-translation","status":"publish","type":"product","link":"https:\/\/www.promusicsmallorca.org\/es\/catalogo-promusics\/lost-in-translation\/","title":{"rendered":"Lost in Translation"},"content":{"rendered":"<p>\u00abLOST IN TRANSLATION\u00bb es una banda mallorquina que rememora grandes \u00e9xitos musicales de emblem\u00e1ticas pel\u00edculas y series de todos los tiempos. El tr\u00edo formado por Aina Zuazaga, Toni Bestard y Gonzalo Nadal fusiona con elegancia numerosos estilos musicales, en una propuesta intimista, reinterpretando canciones de pel\u00edculas en covers de autor llenos de matices que sorprenden al espectador. La pasi\u00f3n por la m\u00fasica y su experiencia en Cine y Televisi\u00f3n, dota a este tr\u00edo de creativos de una polivalencia escenogr\u00e1fica y art\u00edstica que se refleja en una propuesta \u00fanica y original en la isla.<\/p>\n<pre style=\"text-align: center;\"><a href=\"https:\/\/lostintranslationt.wixsite.com\/filmsongs\" target=\"_blank\" rel=\"noopener\">https:\/\/lostintranslationt.wixsite.com\/filmsongs<\/a>\r\n<a href=\"https:\/\/www.instagram.com\/lostintranslation.filmsongs3\/\" target=\"_blank\" rel=\"noopener\">https:\/\/www.instagram.com\/lostintranslation.filmsongs3\/<\/a><\/pre>\n<p style=\"text-align: right;\">Toni Bestard: 610448135 \/ <a href=\"mailto:bestard.toni@gmail.com\" target=\"_blank\" rel=\"noopener\">bestard.toni@gmail.com<\/a><\/p>\n","protected":false},"excerpt":{"rendered":"<p style=\"text-align: center;\">TONI BESTARD (TECLISTA Y COROS)<br \/>\nAINA ZUAZAGA (VOZ, PERCUSI\u00d3N Y UKELELE)<br \/>\nGONZALO NADAL (GUITARRA Y ARM\u00d3NICA)<\/p>\n","protected":false},"featured_media":2205,"template":"","meta":{"_et_pb_use_builder":"","_et_pb_old_content":"","_et_gb_content_width":""},"product_cat":[139],"product_tag":[86],"yoast_head":"<!-- This site is optimized with the Yoast SEO Premium plugin v15.7 - https:\/\/yoast.com\/wordpress\/plugins\/seo\/ -->\n<title>Lost in Translation - ProM\u00fasics Mallorca<\/title>\n<meta name=\"robots\" content=\"index, follow, max-snippet:-1, max-image-preview:large, max-video-preview:-1\" \/>\n<link rel=\"canonical\" href=\"https:\/\/www.promusicsmallorca.org\/es\/catalogo-promusics\/lost-in-translation\/\" \/>\n<meta property=\"og:locale\" content=\"es_ES\" \/>\n<meta property=\"og:type\" content=\"article\" \/>\n<meta property=\"og:title\" content=\"Lost in Translation - ProM\u00fasics Mallorca\" \/>\n<meta property=\"og:description\" content=\"TONI BESTARD (TECLISTA Y COROS) AINA ZUAZAGA (VOZ, PERCUSI\u00d3N Y UKELELE) GONZALO NADAL (GUITARRA Y ARM\u00d3NICA)\" \/>\n<meta property=\"og:url\" content=\"https:\/\/www.promusicsmallorca.org\/es\/catalogo-promusics\/lost-in-translation\/\" \/>\n<meta property=\"og:site_name\" content=\"ProM\u00fasics Mallorca\" \/>\n<meta property=\"article:publisher\" content=\"https:\/\/www.facebook.com\/promusicsmallorca\" \/>\n<meta property=\"article:modified_time\" content=\"2022-05-03T16:46:50+00:00\" \/>\n<meta property=\"og:image\" content=\"https:\/\/i0.wp.com\/www.promusicsmallorca.org\/wp-content\/uploads\/2021\/02\/LOSTINTRANSLATION-e1612773548700.jpg?fit=384%2C250&#038;ssl=1\" \/>\n\t<meta property=\"og:image:width\" content=\"384\" \/>\n\t<meta property=\"og:image:height\" content=\"250\" \/>\n<meta name=\"twitter:card\" content=\"summary_large_image\" \/>\n<meta name=\"twitter:label1\" content=\"Tiempo de lectura\">\n\t<meta name=\"twitter:data1\" content=\"1 minuto\">\n<script type=\"application\/ld+json\" class=\"yoast-schema-graph\">{\"@context\":\"https:\/\/schema.org\",\"@graph\":[{\"@type\":\"Organization\",\"@id\":\"https:\/\/www.promusicsmallorca.org\/#organization\",\"name\":\"ProM\\u00fasics Mallorca\",\"url\":\"https:\/\/www.promusicsmallorca.org\/\",\"sameAs\":[\"https:\/\/www.facebook.com\/promusicsmallorca\",\"https:\/\/www.instagram.com\/promusicsmallorca\/\",\"https:\/\/www.youtube.com\/channel\/UCWwttYA4JPovS2RZiGlHgpA\"],\"logo\":{\"@type\":\"ImageObject\",\"@id\":\"https:\/\/www.promusicsmallorca.org\/#logo\",\"inLanguage\":\"es\",\"url\":\"https:\/\/i0.wp.com\/www.promusicsmallorca.org\/wp-content\/uploads\/2021\/02\/image0.png?fit=10224%2C7725&ssl=1\",\"width\":10224,\"height\":7725,\"caption\":\"ProM\\u00fasics Mallorca\"},\"image\":{\"@id\":\"https:\/\/www.promusicsmallorca.org\/#logo\"}},{\"@type\":\"WebSite\",\"@id\":\"https:\/\/www.promusicsmallorca.org\/#website\",\"url\":\"https:\/\/www.promusicsmallorca.org\/\",\"name\":\"ProM\\u00fasics Mallorca\",\"description\":\"Associaci\\u00f3 de Professionals de la M\\u00fasica de Mallorca\",\"publisher\":{\"@id\":\"https:\/\/www.promusicsmallorca.org\/#organization\"},\"potentialAction\":[{\"@type\":\"SearchAction\",\"target\":\"https:\/\/www.promusicsmallorca.org\/?s={search_term_string}\",\"query-input\":\"required name=search_term_string\"}],\"inLanguage\":\"es\"},{\"@type\":\"ImageObject\",\"@id\":\"https:\/\/www.promusicsmallorca.org\/es\/catalogo-promusics\/lost-in-translation\/#primaryimage\",\"inLanguage\":\"es\",\"url\":\"https:\/\/i0.wp.com\/www.promusicsmallorca.org\/wp-content\/uploads\/2021\/02\/LOSTINTRANSLATION-e1612773548700.jpg?fit=384%2C250&ssl=1\",\"width\":384,\"height\":250},{\"@type\":\"WebPage\",\"@id\":\"https:\/\/www.promusicsmallorca.org\/es\/catalogo-promusics\/lost-in-translation\/#webpage\",\"url\":\"https:\/\/www.promusicsmallorca.org\/es\/catalogo-promusics\/lost-in-translation\/\",\"name\":\"Lost in Translation - ProM\\u00fasics Mallorca\",\"isPartOf\":{\"@id\":\"https:\/\/www.promusicsmallorca.org\/#website\"},\"primaryImageOfPage\":{\"@id\":\"https:\/\/www.promusicsmallorca.org\/es\/catalogo-promusics\/lost-in-translation\/#primaryimage\"},\"datePublished\":\"2021-02-08T08:39:37+00:00\",\"dateModified\":\"2022-05-03T16:46:50+00:00\",\"inLanguage\":\"es\",\"potentialAction\":[{\"@type\":\"ReadAction\",\"target\":[\"https:\/\/www.promusicsmallorca.org\/es\/catalogo-promusics\/lost-in-translation\/\"]}]}]}<\/script>\n<!-- \/ Yoast SEO Premium plugin. -->","jetpack_sharing_enabled":true,"_links":{"self":[{"href":"https:\/\/www.promusicsmallorca.org\/es\/wp-json\/wp\/v2\/product\/2204"}],"collection":[{"href":"https:\/\/www.promusicsmallorca.org\/es\/wp-json\/wp\/v2\/product"}],"about":[{"href":"https:\/\/www.promusicsmallorca.org\/es\/wp-json\/wp\/v2\/types\/product"}],"wp:featuredmedia":[{"embeddable":true,"href":"https:\/\/www.promusicsmallorca.org\/es\/wp-json\/wp\/v2\/media\/2205"}],"wp:attachment":[{"href":"https:\/\/www.promusicsmallorca.org\/es\/wp-json\/wp\/v2\/media?parent=2204"}],"wp:term":[{"taxonomy":"product_cat","embeddable":true,"href":"https:\/\/www.promusicsmallorca.org\/es\/wp-json\/wp\/v2\/product_cat?post=2204"},{"taxonomy":"product_tag","embeddable":true,"href":"https:\/\/www.promusicsmallorca.org\/es\/wp-json\/wp\/v2\/product_tag?post=2204"}],"curies":[{"name":"wp","href":"https:\/\/api.w.org\/{rel}","templated":true}]}}