{"id":2098,"date":"2021-02-06T18:50:41","date_gmt":"2021-02-06T18:50:41","guid":{"rendered":"https:\/\/www.promusicsmallorca.org\/?post_type=product&#038;p=2098"},"modified":"2022-05-03T16:44:15","modified_gmt":"2022-05-03T16:44:15","slug":"desibrothers","status":"publish","type":"product","link":"https:\/\/www.promusicsmallorca.org\/es\/catalogo-promusics\/desibrothers\/","title":{"rendered":"DesiBrothers"},"content":{"rendered":"<p>He tocado con Desir\u00e9e Dur\u00e1n durante muchos a\u00f1os y es fant\u00e1stica. DesiBrothers: Dani Roth, piano\/guitarra, m\u00fasico creativo con una forma de tocar clara, contundente y muy personal. Wojtek, m\u00fasico excelente y polivalente. Diego, gran bater\u00eda con sonido y tiempo espl\u00e9ndidos. Tocamos en diferentes formatos, d\u00fao, tr\u00edo y cuarteto ,y si se suma Norbert (saxofonista de Joe Cocker), tocamos a quinteto. Hacemos una mezcla de temas actuales: Soul, Indie, Jazz, todo a nuestra manera, y est\u00e1ndares de Ellington o Billie Holiday en clave de Funk. Desir\u00e9e es una gran cantante, ganadora del programa de TV A capela, con el grupo Super Voices (Super Voices, Sony Music).<\/p>\n<pre style=\"text-align: center;\"><a href=\"https:\/\/youtu.be\/T31xLzB8fUE\" target=\"_blank\" rel=\"noopener\">https:\/\/youtu.be\/T31xLzB8fUE<\/a>\r\n<a href=\"https:\/\/www.youtube.com\/watch?v=ROL4pUhlINA\" target=\"_blank\" rel=\"noopener\">https:\/\/www.youtube.com\/watch?v=ROL4pUhlINA<\/a>\r\n<a href=\"https:\/\/www.youtube.com\/watch?v=ZydH-9pDfNQ\" target=\"_blank\" rel=\"noopener\">https:\/\/www.youtube.com\/watch?v=ZydH-9pDfNQ<\/a><\/pre>\n<p style=\"text-align: right;\">Dan J Roth: 655574344 \/<a href=\"mailto:rothdani@hotmail.com\" target=\"_blank\" rel=\"noopener\"> rothdani@hotmail.com<\/a><\/p>\n","protected":false},"excerpt":{"rendered":"<p style=\"text-align: center;\">Desir\u00e9e Dur\u00e1n &#8211; Voz<br \/>\nWojtek Sobolewski &#8211; Bajo<br \/>\nDiego Ferral &#8211; Bater\u00eda<br \/>\nDani Roth &#8211; Guitarra, Piano<\/p>\n","protected":false},"featured_media":2571,"template":"","meta":{"_et_pb_use_builder":"","_et_pb_old_content":"","_et_gb_content_width":""},"product_cat":[78,134,96,66],"product_tag":[72],"yoast_head":"<!-- This site is optimized with the Yoast SEO Premium plugin v15.7 - https:\/\/yoast.com\/wordpress\/plugins\/seo\/ -->\n<title>DesiBrothers - ProM\u00fasics Mallorca<\/title>\n<meta name=\"robots\" content=\"index, follow, max-snippet:-1, max-image-preview:large, max-video-preview:-1\" \/>\n<link rel=\"canonical\" href=\"https:\/\/www.promusicsmallorca.org\/es\/catalogo-promusics\/desibrothers\/\" \/>\n<meta property=\"og:locale\" content=\"es_ES\" \/>\n<meta property=\"og:type\" content=\"article\" \/>\n<meta property=\"og:title\" content=\"DesiBrothers - ProM\u00fasics Mallorca\" \/>\n<meta property=\"og:description\" content=\"Desir\u00e9e Dur\u00e1n - Voz Wojtek Sobolewski - Bajo Diego Ferral - Bater\u00eda Dani Roth - Guitarra, Piano\" \/>\n<meta property=\"og:url\" content=\"https:\/\/www.promusicsmallorca.org\/es\/catalogo-promusics\/desibrothers\/\" \/>\n<meta property=\"og:site_name\" content=\"ProM\u00fasics Mallorca\" \/>\n<meta property=\"article:publisher\" content=\"https:\/\/www.facebook.com\/promusicsmallorca\" \/>\n<meta property=\"article:modified_time\" content=\"2022-05-03T16:44:15+00:00\" \/>\n<meta property=\"og:image\" content=\"https:\/\/i0.wp.com\/www.promusicsmallorca.org\/wp-content\/uploads\/2021\/02\/DesiDuran2_auto_x112.jpg?fit=1280%2C1154&#038;ssl=1\" \/>\n\t<meta property=\"og:image:width\" content=\"1280\" \/>\n\t<meta property=\"og:image:height\" content=\"1154\" \/>\n<meta name=\"twitter:card\" content=\"summary_large_image\" \/>\n<meta name=\"twitter:label1\" content=\"Tiempo de lectura\">\n\t<meta name=\"twitter:data1\" content=\"1 minuto\">\n<script type=\"application\/ld+json\" class=\"yoast-schema-graph\">{\"@context\":\"https:\/\/schema.org\",\"@graph\":[{\"@type\":\"Organization\",\"@id\":\"https:\/\/www.promusicsmallorca.org\/#organization\",\"name\":\"ProM\\u00fasics Mallorca\",\"url\":\"https:\/\/www.promusicsmallorca.org\/\",\"sameAs\":[\"https:\/\/www.facebook.com\/promusicsmallorca\",\"https:\/\/www.instagram.com\/promusicsmallorca\/\",\"https:\/\/www.youtube.com\/channel\/UCWwttYA4JPovS2RZiGlHgpA\"],\"logo\":{\"@type\":\"ImageObject\",\"@id\":\"https:\/\/www.promusicsmallorca.org\/#logo\",\"inLanguage\":\"es\",\"url\":\"https:\/\/i0.wp.com\/www.promusicsmallorca.org\/wp-content\/uploads\/2021\/02\/image0.png?fit=10224%2C7725&ssl=1\",\"width\":10224,\"height\":7725,\"caption\":\"ProM\\u00fasics Mallorca\"},\"image\":{\"@id\":\"https:\/\/www.promusicsmallorca.org\/#logo\"}},{\"@type\":\"WebSite\",\"@id\":\"https:\/\/www.promusicsmallorca.org\/#website\",\"url\":\"https:\/\/www.promusicsmallorca.org\/\",\"name\":\"ProM\\u00fasics Mallorca\",\"description\":\"Associaci\\u00f3 de Professionals de la M\\u00fasica de Mallorca\",\"publisher\":{\"@id\":\"https:\/\/www.promusicsmallorca.org\/#organization\"},\"potentialAction\":[{\"@type\":\"SearchAction\",\"target\":\"https:\/\/www.promusicsmallorca.org\/?s={search_term_string}\",\"query-input\":\"required name=search_term_string\"}],\"inLanguage\":\"es\"},{\"@type\":\"ImageObject\",\"@id\":\"https:\/\/www.promusicsmallorca.org\/es\/catalogo-promusics\/desibrothers\/#primaryimage\",\"inLanguage\":\"es\",\"url\":\"https:\/\/i0.wp.com\/www.promusicsmallorca.org\/wp-content\/uploads\/2021\/02\/DesiDuran2_auto_x112.jpg?fit=1280%2C1154&ssl=1\",\"width\":1280,\"height\":1154},{\"@type\":\"WebPage\",\"@id\":\"https:\/\/www.promusicsmallorca.org\/es\/catalogo-promusics\/desibrothers\/#webpage\",\"url\":\"https:\/\/www.promusicsmallorca.org\/es\/catalogo-promusics\/desibrothers\/\",\"name\":\"DesiBrothers - ProM\\u00fasics Mallorca\",\"isPartOf\":{\"@id\":\"https:\/\/www.promusicsmallorca.org\/#website\"},\"primaryImageOfPage\":{\"@id\":\"https:\/\/www.promusicsmallorca.org\/es\/catalogo-promusics\/desibrothers\/#primaryimage\"},\"datePublished\":\"2021-02-06T18:50:41+00:00\",\"dateModified\":\"2022-05-03T16:44:15+00:00\",\"inLanguage\":\"es\",\"potentialAction\":[{\"@type\":\"ReadAction\",\"target\":[\"https:\/\/www.promusicsmallorca.org\/es\/catalogo-promusics\/desibrothers\/\"]}]}]}<\/script>\n<!-- \/ Yoast SEO Premium plugin. -->","jetpack_sharing_enabled":true,"_links":{"self":[{"href":"https:\/\/www.promusicsmallorca.org\/es\/wp-json\/wp\/v2\/product\/2098"}],"collection":[{"href":"https:\/\/www.promusicsmallorca.org\/es\/wp-json\/wp\/v2\/product"}],"about":[{"href":"https:\/\/www.promusicsmallorca.org\/es\/wp-json\/wp\/v2\/types\/product"}],"wp:featuredmedia":[{"embeddable":true,"href":"https:\/\/www.promusicsmallorca.org\/es\/wp-json\/wp\/v2\/media\/2571"}],"wp:attachment":[{"href":"https:\/\/www.promusicsmallorca.org\/es\/wp-json\/wp\/v2\/media?parent=2098"}],"wp:term":[{"taxonomy":"product_cat","embeddable":true,"href":"https:\/\/www.promusicsmallorca.org\/es\/wp-json\/wp\/v2\/product_cat?post=2098"},{"taxonomy":"product_tag","embeddable":true,"href":"https:\/\/www.promusicsmallorca.org\/es\/wp-json\/wp\/v2\/product_tag?post=2098"}],"curies":[{"name":"wp","href":"https:\/\/api.w.org\/{rel}","templated":true}]}}