{"id":2042,"date":"2021-02-06T11:39:14","date_gmt":"2021-02-06T11:39:14","guid":{"rendered":"https:\/\/www.promusicsmallorca.org\/?post_type=product&#038;p=2042"},"modified":"2022-05-03T16:42:54","modified_gmt":"2022-05-03T16:42:54","slug":"laura-campello","status":"publish","type":"product","link":"https:\/\/www.promusicsmallorca.org\/es\/catalogo-promusics\/laura-campello\/","title":{"rendered":"Laura Campello"},"content":{"rendered":"<p>C\u00e1lida como el mediterr\u00e1neo, su propuesta es como un cuadro sonoro donde los colores bossa y flamencos se mezclan con pigmentos de m\u00fasica latinoamericana y \u00bbchanson fran\u00e7aise\u00bb sobre un lienzo de canciones propias que invitan a viajar hacia dentro y por el mundo a trav\u00e9s de la m\u00fasica y letras. \u201cMaire\u201d es el t\u00edtulo de su nuevo \u00e1lbum, producido por Josu\u00e9 Ronk\u00edo, bajista de Ketama y de Concha Buika. Despu\u00e9s de 10 a\u00f1os girando con banda en Francia y Espa\u00f1a, Laura presenta su proyecto en formato ac\u00fastico junto a Jose Llorach. Su m\u00fasica queda m\u00e1s desnuda, llega m\u00e1s directa, brilla m\u00e1s honesta.<\/p>\n<pre style=\"text-align: center;\"><a href=\"https:\/\/www.youtube.com\/watch?v=BBbJlhq4Fxc&amp;ab_channel=Sesi%C3%B3ndeMicrosAbiertos\" target=\"_blank\" rel=\"noopener\">https:\/\/www.youtube.com\/watch?v=BBbJlhq4Fxc&amp;ab_channel=Sesi%C3%B3ndeMicrosAbiertos<\/a>\r\n<a href=\"https:\/\/www.youtube.com\/watch?v=5p38chX85zw&amp;ab_channel=LauraCampello\" target=\"_blank\" rel=\"noopener\">https:\/\/www.youtube.com\/watch?v=5p38chX85zw&amp;ab_channel=LauraCampello<\/a>\r\n<a href=\"https:\/\/open.spotify.com\/album\/0eEjvnFrG38C58UCbFJLCN?si=mADCnx8fT9GfE57Ha4RxbQ\" target=\"_blank\" rel=\"noopener\">https:\/\/open.spotify.com\/album\/0eEjvnFrG38C58UCbFJLCN?si=mADCnx8fT9GfE57Ha4RxbQ<\/a><\/pre>\n<p style=\"text-align: right;\">Laura Campello: 676961264 \/ <a href=\"mailto:lauritacampello@gmail.com\" target=\"_blank\" rel=\"noopener\">lauritacampello@gmail.com<\/a><\/p>\n","protected":false},"excerpt":{"rendered":"<p style=\"text-align: center;\">Laura Campello : Voz principal y guitarra<br \/>\nJose Llorach: Percusi\u00f3n<\/p>\n","protected":false},"featured_media":2043,"template":"","meta":{"_et_pb_use_builder":"","_et_pb_old_content":"","_et_gb_content_width":""},"product_cat":[130,88],"product_tag":[91],"yoast_head":"<!-- This site is optimized with the Yoast SEO Premium plugin v15.7 - https:\/\/yoast.com\/wordpress\/plugins\/seo\/ -->\n<title>Laura Campello - ProM\u00fasics Mallorca<\/title>\n<meta name=\"robots\" content=\"index, follow, max-snippet:-1, max-image-preview:large, max-video-preview:-1\" \/>\n<link rel=\"canonical\" href=\"https:\/\/www.promusicsmallorca.org\/es\/catalogo-promusics\/laura-campello\/\" \/>\n<meta property=\"og:locale\" content=\"es_ES\" \/>\n<meta property=\"og:type\" content=\"article\" \/>\n<meta property=\"og:title\" content=\"Laura Campello - ProM\u00fasics Mallorca\" \/>\n<meta property=\"og:description\" content=\"Laura Campello : Voz principal y guitarra Jose Llorach: Percusi\u00f3n\" \/>\n<meta property=\"og:url\" content=\"https:\/\/www.promusicsmallorca.org\/es\/catalogo-promusics\/laura-campello\/\" \/>\n<meta property=\"og:site_name\" content=\"ProM\u00fasics Mallorca\" \/>\n<meta property=\"article:publisher\" content=\"https:\/\/www.facebook.com\/promusicsmallorca\" \/>\n<meta property=\"article:modified_time\" content=\"2022-05-03T16:42:54+00:00\" \/>\n<meta property=\"og:image\" content=\"https:\/\/i0.wp.com\/www.promusicsmallorca.org\/wp-content\/uploads\/2021\/02\/FotoLauraCampello-scaled-e1612611210752.jpg?fit=375%2C250&#038;ssl=1\" \/>\n\t<meta property=\"og:image:width\" content=\"375\" \/>\n\t<meta property=\"og:image:height\" content=\"250\" \/>\n<meta name=\"twitter:card\" content=\"summary_large_image\" \/>\n<meta name=\"twitter:label1\" content=\"Tiempo de lectura\">\n\t<meta name=\"twitter:data1\" content=\"1 minuto\">\n<script type=\"application\/ld+json\" class=\"yoast-schema-graph\">{\"@context\":\"https:\/\/schema.org\",\"@graph\":[{\"@type\":\"Organization\",\"@id\":\"https:\/\/www.promusicsmallorca.org\/#organization\",\"name\":\"ProM\\u00fasics Mallorca\",\"url\":\"https:\/\/www.promusicsmallorca.org\/\",\"sameAs\":[\"https:\/\/www.facebook.com\/promusicsmallorca\",\"https:\/\/www.instagram.com\/promusicsmallorca\/\",\"https:\/\/www.youtube.com\/channel\/UCWwttYA4JPovS2RZiGlHgpA\"],\"logo\":{\"@type\":\"ImageObject\",\"@id\":\"https:\/\/www.promusicsmallorca.org\/#logo\",\"inLanguage\":\"es\",\"url\":\"https:\/\/i0.wp.com\/www.promusicsmallorca.org\/wp-content\/uploads\/2021\/02\/image0.png?fit=10224%2C7725&ssl=1\",\"width\":10224,\"height\":7725,\"caption\":\"ProM\\u00fasics Mallorca\"},\"image\":{\"@id\":\"https:\/\/www.promusicsmallorca.org\/#logo\"}},{\"@type\":\"WebSite\",\"@id\":\"https:\/\/www.promusicsmallorca.org\/#website\",\"url\":\"https:\/\/www.promusicsmallorca.org\/\",\"name\":\"ProM\\u00fasics Mallorca\",\"description\":\"Associaci\\u00f3 de Professionals de la M\\u00fasica de Mallorca\",\"publisher\":{\"@id\":\"https:\/\/www.promusicsmallorca.org\/#organization\"},\"potentialAction\":[{\"@type\":\"SearchAction\",\"target\":\"https:\/\/www.promusicsmallorca.org\/?s={search_term_string}\",\"query-input\":\"required name=search_term_string\"}],\"inLanguage\":\"es\"},{\"@type\":\"ImageObject\",\"@id\":\"https:\/\/www.promusicsmallorca.org\/es\/catalogo-promusics\/laura-campello\/#primaryimage\",\"inLanguage\":\"es\",\"url\":\"https:\/\/i0.wp.com\/www.promusicsmallorca.org\/wp-content\/uploads\/2021\/02\/FotoLauraCampello-scaled-e1612611210752.jpg?fit=375%2C250&ssl=1\",\"width\":375,\"height\":250},{\"@type\":\"WebPage\",\"@id\":\"https:\/\/www.promusicsmallorca.org\/es\/catalogo-promusics\/laura-campello\/#webpage\",\"url\":\"https:\/\/www.promusicsmallorca.org\/es\/catalogo-promusics\/laura-campello\/\",\"name\":\"Laura Campello - ProM\\u00fasics Mallorca\",\"isPartOf\":{\"@id\":\"https:\/\/www.promusicsmallorca.org\/#website\"},\"primaryImageOfPage\":{\"@id\":\"https:\/\/www.promusicsmallorca.org\/es\/catalogo-promusics\/laura-campello\/#primaryimage\"},\"datePublished\":\"2021-02-06T11:39:14+00:00\",\"dateModified\":\"2022-05-03T16:42:54+00:00\",\"inLanguage\":\"es\",\"potentialAction\":[{\"@type\":\"ReadAction\",\"target\":[\"https:\/\/www.promusicsmallorca.org\/es\/catalogo-promusics\/laura-campello\/\"]}]}]}<\/script>\n<!-- \/ Yoast SEO Premium plugin. -->","jetpack_sharing_enabled":true,"_links":{"self":[{"href":"https:\/\/www.promusicsmallorca.org\/es\/wp-json\/wp\/v2\/product\/2042"}],"collection":[{"href":"https:\/\/www.promusicsmallorca.org\/es\/wp-json\/wp\/v2\/product"}],"about":[{"href":"https:\/\/www.promusicsmallorca.org\/es\/wp-json\/wp\/v2\/types\/product"}],"wp:featuredmedia":[{"embeddable":true,"href":"https:\/\/www.promusicsmallorca.org\/es\/wp-json\/wp\/v2\/media\/2043"}],"wp:attachment":[{"href":"https:\/\/www.promusicsmallorca.org\/es\/wp-json\/wp\/v2\/media?parent=2042"}],"wp:term":[{"taxonomy":"product_cat","embeddable":true,"href":"https:\/\/www.promusicsmallorca.org\/es\/wp-json\/wp\/v2\/product_cat?post=2042"},{"taxonomy":"product_tag","embeddable":true,"href":"https:\/\/www.promusicsmallorca.org\/es\/wp-json\/wp\/v2\/product_tag?post=2042"}],"curies":[{"name":"wp","href":"https:\/\/api.w.org\/{rel}","templated":true}]}}