{"id":2014,"date":"2021-02-06T08:22:57","date_gmt":"2021-02-06T08:22:57","guid":{"rendered":"https:\/\/www.promusicsmallorca.org\/?post_type=product&#038;p=2014"},"modified":"2022-04-29T13:25:02","modified_gmt":"2022-04-29T13:25:02","slug":"the-monkey-swingers","status":"publish","type":"product","link":"https:\/\/www.promusicsmallorca.org\/es\/catalogo-promusics\/the-monkey-swingers\/","title":{"rendered":"The Monkey Swingers"},"content":{"rendered":"<p>El tr\u00edo est\u00e1 formado por Christa Elmer, cantante y armonicista, formada en la escuela de Jazz de Lausanne, Suiza; Pedro Riestra, guitarrista y clarinetista espa\u00f1ol que ha trabajado muchos a\u00f1os en Irlanda y Fernando Rubin, argentino y un Luthier famoso en la Isla. Juntos forman este tr\u00edo alegre, divertido, original y elegante que dar\u00e1 un toque de glamour y de calidad a vuestro evento. De forma instant\u00e1nea os sumergir\u00e1n en los a\u00f1os 20 con canciones cl\u00e1sicas de esta \u00e9poca. Toda una sensaci\u00f3n m\u00e1gica para los o\u00eddos que conseguir\u00e1 que quede en el recuerdo del p\u00fabico.<\/p>\n<pre style=\"text-align: center;\"><a href=\"https:\/\/christaelmer.com\/monkey-swingers\/\" target=\"_blank\" rel=\"noopener\">https:\/\/christaelmer.com\/monkey-swingers\/<\/a>\r\n<a href=\"https:\/\/www.youtube.com\/watch?v=fy18o7sZJAI\" target=\"_blank\" rel=\"noopener\">https:\/\/www.youtube.com\/watch?v=fy18o7sZJAI<\/a>\r\n<a href=\"https:\/\/www.youtube.com\/watch?v=uqpjFSRMWBE\" target=\"_blank\" rel=\"noopener\">https:\/\/www.youtube.com\/watch?v=uqpjFSRMWBE<\/a><\/pre>\n<p style=\"text-align: right;\">Christa Elmer: 630 836 498 \/ <a href=\"mailto:christa@musicchrista.com\" target=\"_blank\" rel=\"noopener\">christa@musicchrista.com<\/a><\/p>\n","protected":false},"excerpt":{"rendered":"<p style=\"text-align: center;\">Christa Elmer: Voz y Arm\u00f3nica<br \/>\nPedro Riestra: Clarinette y Guitarra<br \/>\nFernando Rubin: Guitarra<\/p>\n","protected":false},"featured_media":2015,"template":"","meta":{"_et_pb_use_builder":"","_et_pb_old_content":"","_et_gb_content_width":""},"product_cat":[96,122],"product_tag":[86],"yoast_head":"<!-- This site is optimized with the Yoast SEO Premium plugin v15.7 - https:\/\/yoast.com\/wordpress\/plugins\/seo\/ -->\n<title>The Monkey Swingers - ProM\u00fasics Mallorca<\/title>\n<meta name=\"robots\" content=\"index, follow, max-snippet:-1, max-image-preview:large, max-video-preview:-1\" \/>\n<link rel=\"canonical\" href=\"https:\/\/www.promusicsmallorca.org\/es\/catalogo-promusics\/the-monkey-swingers\/\" \/>\n<meta property=\"og:locale\" content=\"es_ES\" \/>\n<meta property=\"og:type\" content=\"article\" \/>\n<meta property=\"og:title\" content=\"The Monkey Swingers - ProM\u00fasics Mallorca\" \/>\n<meta property=\"og:description\" content=\"Christa Elmer: Voz y Arm\u00f3nica Pedro Riestra: Clarinette y Guitarra Fernando Rubin: Guitarra\" \/>\n<meta property=\"og:url\" content=\"https:\/\/www.promusicsmallorca.org\/es\/catalogo-promusics\/the-monkey-swingers\/\" \/>\n<meta property=\"og:site_name\" content=\"ProM\u00fasics Mallorca\" \/>\n<meta property=\"article:publisher\" content=\"https:\/\/www.facebook.com\/promusicsmallorca\" \/>\n<meta property=\"article:modified_time\" content=\"2022-04-29T13:25:02+00:00\" \/>\n<meta property=\"og:image\" content=\"https:\/\/i0.wp.com\/www.promusicsmallorca.org\/wp-content\/uploads\/2021\/02\/21-DSC_9768-e1612599752332.jpg?fit=248%2C250&#038;ssl=1\" \/>\n\t<meta property=\"og:image:width\" content=\"248\" \/>\n\t<meta property=\"og:image:height\" content=\"250\" \/>\n<meta name=\"twitter:card\" content=\"summary_large_image\" \/>\n<meta name=\"twitter:label1\" content=\"Tiempo de lectura\">\n\t<meta name=\"twitter:data1\" content=\"1 minuto\">\n<script type=\"application\/ld+json\" class=\"yoast-schema-graph\">{\"@context\":\"https:\/\/schema.org\",\"@graph\":[{\"@type\":\"Organization\",\"@id\":\"https:\/\/www.promusicsmallorca.org\/#organization\",\"name\":\"ProM\\u00fasics Mallorca\",\"url\":\"https:\/\/www.promusicsmallorca.org\/\",\"sameAs\":[\"https:\/\/www.facebook.com\/promusicsmallorca\",\"https:\/\/www.instagram.com\/promusicsmallorca\/\",\"https:\/\/www.youtube.com\/channel\/UCWwttYA4JPovS2RZiGlHgpA\"],\"logo\":{\"@type\":\"ImageObject\",\"@id\":\"https:\/\/www.promusicsmallorca.org\/#logo\",\"inLanguage\":\"es\",\"url\":\"https:\/\/i0.wp.com\/www.promusicsmallorca.org\/wp-content\/uploads\/2021\/02\/image0.png?fit=10224%2C7725&ssl=1\",\"width\":10224,\"height\":7725,\"caption\":\"ProM\\u00fasics Mallorca\"},\"image\":{\"@id\":\"https:\/\/www.promusicsmallorca.org\/#logo\"}},{\"@type\":\"WebSite\",\"@id\":\"https:\/\/www.promusicsmallorca.org\/#website\",\"url\":\"https:\/\/www.promusicsmallorca.org\/\",\"name\":\"ProM\\u00fasics Mallorca\",\"description\":\"Associaci\\u00f3 de Professionals de la M\\u00fasica de Mallorca\",\"publisher\":{\"@id\":\"https:\/\/www.promusicsmallorca.org\/#organization\"},\"potentialAction\":[{\"@type\":\"SearchAction\",\"target\":\"https:\/\/www.promusicsmallorca.org\/?s={search_term_string}\",\"query-input\":\"required name=search_term_string\"}],\"inLanguage\":\"es\"},{\"@type\":\"ImageObject\",\"@id\":\"https:\/\/www.promusicsmallorca.org\/es\/catalogo-promusics\/the-monkey-swingers\/#primaryimage\",\"inLanguage\":\"es\",\"url\":\"https:\/\/i0.wp.com\/www.promusicsmallorca.org\/wp-content\/uploads\/2021\/02\/21-DSC_9768-e1612599752332.jpg?fit=248%2C250&ssl=1\",\"width\":248,\"height\":250},{\"@type\":\"WebPage\",\"@id\":\"https:\/\/www.promusicsmallorca.org\/es\/catalogo-promusics\/the-monkey-swingers\/#webpage\",\"url\":\"https:\/\/www.promusicsmallorca.org\/es\/catalogo-promusics\/the-monkey-swingers\/\",\"name\":\"The Monkey Swingers - ProM\\u00fasics Mallorca\",\"isPartOf\":{\"@id\":\"https:\/\/www.promusicsmallorca.org\/#website\"},\"primaryImageOfPage\":{\"@id\":\"https:\/\/www.promusicsmallorca.org\/es\/catalogo-promusics\/the-monkey-swingers\/#primaryimage\"},\"datePublished\":\"2021-02-06T08:22:57+00:00\",\"dateModified\":\"2022-04-29T13:25:02+00:00\",\"inLanguage\":\"es\",\"potentialAction\":[{\"@type\":\"ReadAction\",\"target\":[\"https:\/\/www.promusicsmallorca.org\/es\/catalogo-promusics\/the-monkey-swingers\/\"]}]}]}<\/script>\n<!-- \/ Yoast SEO Premium plugin. -->","jetpack_sharing_enabled":true,"_links":{"self":[{"href":"https:\/\/www.promusicsmallorca.org\/es\/wp-json\/wp\/v2\/product\/2014"}],"collection":[{"href":"https:\/\/www.promusicsmallorca.org\/es\/wp-json\/wp\/v2\/product"}],"about":[{"href":"https:\/\/www.promusicsmallorca.org\/es\/wp-json\/wp\/v2\/types\/product"}],"wp:featuredmedia":[{"embeddable":true,"href":"https:\/\/www.promusicsmallorca.org\/es\/wp-json\/wp\/v2\/media\/2015"}],"wp:attachment":[{"href":"https:\/\/www.promusicsmallorca.org\/es\/wp-json\/wp\/v2\/media?parent=2014"}],"wp:term":[{"taxonomy":"product_cat","embeddable":true,"href":"https:\/\/www.promusicsmallorca.org\/es\/wp-json\/wp\/v2\/product_cat?post=2014"},{"taxonomy":"product_tag","embeddable":true,"href":"https:\/\/www.promusicsmallorca.org\/es\/wp-json\/wp\/v2\/product_tag?post=2014"}],"curies":[{"name":"wp","href":"https:\/\/api.w.org\/{rel}","templated":true}]}}