{"id":237,"date":"2020-06-25T08:48:39","date_gmt":"2020-06-25T08:48:39","guid":{"rendered":"https:\/\/www.promusicsmallorca.org\/?page_id=237"},"modified":"2021-02-22T09:05:57","modified_gmt":"2021-02-22T09:05:57","slug":"objetivos","status":"publish","type":"page","link":"https:\/\/www.promusicsmallorca.org\/es\/objetivos\/","title":{"rendered":"Objetivos"},"content":{"rendered":"<p>[et_pb_section bb_built=\u00bb1&#8243; _builder_version=\u00bb4.4.8&#8243;][et_pb_row _builder_version=\u00bb4.4.8&#8243;][et_pb_column type=\u00bb4_4&#8243; _builder_version=\u00bb4.4.8&#8243;][et_pb_text _builder_version=\u00bb4.9.0&#8243; text_text_shadow_horizontal_length=\u00bbtext_text_shadow_style,%91object Object%93&#8243; text_text_shadow_horizontal_length_tablet=\u00bb0px\u00bb text_text_shadow_vertical_length=\u00bbtext_text_shadow_style,%91object Object%93&#8243; text_text_shadow_vertical_length_tablet=\u00bb0px\u00bb text_text_shadow_blur_strength=\u00bbtext_text_shadow_style,%91object Object%93&#8243; text_text_shadow_blur_strength_tablet=\u00bb1px\u00bb link_text_shadow_horizontal_length=\u00bblink_text_shadow_style,%91object Object%93&#8243; link_text_shadow_horizontal_length_tablet=\u00bb0px\u00bb link_text_shadow_vertical_length=\u00bblink_text_shadow_style,%91object Object%93&#8243; link_text_shadow_vertical_length_tablet=\u00bb0px\u00bb link_text_shadow_blur_strength=\u00bblink_text_shadow_style,%91object Object%93&#8243; link_text_shadow_blur_strength_tablet=\u00bb1px\u00bb ul_text_shadow_horizontal_length=\u00bbul_text_shadow_style,%91object Object%93&#8243; ul_text_shadow_horizontal_length_tablet=\u00bb0px\u00bb ul_text_shadow_vertical_length=\u00bbul_text_shadow_style,%91object Object%93&#8243; ul_text_shadow_vertical_length_tablet=\u00bb0px\u00bb ul_text_shadow_blur_strength=\u00bbul_text_shadow_style,%91object Object%93&#8243; ul_text_shadow_blur_strength_tablet=\u00bb1px\u00bb ol_text_shadow_horizontal_length=\u00bbol_text_shadow_style,%91object Object%93&#8243; ol_text_shadow_horizontal_length_tablet=\u00bb0px\u00bb ol_text_shadow_vertical_length=\u00bbol_text_shadow_style,%91object Object%93&#8243; ol_text_shadow_vertical_length_tablet=\u00bb0px\u00bb ol_text_shadow_blur_strength=\u00bbol_text_shadow_style,%91object Object%93&#8243; ol_text_shadow_blur_strength_tablet=\u00bb1px\u00bb quote_text_shadow_horizontal_length=\u00bbquote_text_shadow_style,%91object Object%93&#8243; quote_text_shadow_horizontal_length_tablet=\u00bb0px\u00bb quote_text_shadow_vertical_length=\u00bbquote_text_shadow_style,%91object Object%93&#8243; quote_text_shadow_vertical_length_tablet=\u00bb0px\u00bb quote_text_shadow_blur_strength=\u00bbquote_text_shadow_style,%91object Object%93&#8243; quote_text_shadow_blur_strength_tablet=\u00bb1px\u00bb header_text_shadow_horizontal_length=\u00bbheader_text_shadow_style,%91object Object%93&#8243; header_text_shadow_horizontal_length_tablet=\u00bb0px\u00bb header_text_shadow_vertical_length=\u00bbheader_text_shadow_style,%91object Object%93&#8243; header_text_shadow_vertical_length_tablet=\u00bb0px\u00bb header_text_shadow_blur_strength=\u00bbheader_text_shadow_style,%91object Object%93&#8243; header_text_shadow_blur_strength_tablet=\u00bb1px\u00bb header_2_text_shadow_horizontal_length=\u00bbheader_2_text_shadow_style,%91object Object%93&#8243; header_2_text_shadow_horizontal_length_tablet=\u00bb0px\u00bb header_2_text_shadow_vertical_length=\u00bbheader_2_text_shadow_style,%91object Object%93&#8243; header_2_text_shadow_vertical_length_tablet=\u00bb0px\u00bb header_2_text_shadow_blur_strength=\u00bbheader_2_text_shadow_style,%91object Object%93&#8243; header_2_text_shadow_blur_strength_tablet=\u00bb1px\u00bb header_3_text_shadow_horizontal_length=\u00bbheader_3_text_shadow_style,%91object Object%93&#8243; header_3_text_shadow_horizontal_length_tablet=\u00bb0px\u00bb header_3_text_shadow_vertical_length=\u00bbheader_3_text_shadow_style,%91object Object%93&#8243; header_3_text_shadow_vertical_length_tablet=\u00bb0px\u00bb header_3_text_shadow_blur_strength=\u00bbheader_3_text_shadow_style,%91object Object%93&#8243; header_3_text_shadow_blur_strength_tablet=\u00bb1px\u00bb header_4_text_shadow_horizontal_length=\u00bbheader_4_text_shadow_style,%91object Object%93&#8243; header_4_text_shadow_horizontal_length_tablet=\u00bb0px\u00bb header_4_text_shadow_vertical_length=\u00bbheader_4_text_shadow_style,%91object Object%93&#8243; header_4_text_shadow_vertical_length_tablet=\u00bb0px\u00bb header_4_text_shadow_blur_strength=\u00bbheader_4_text_shadow_style,%91object Object%93&#8243; header_4_text_shadow_blur_strength_tablet=\u00bb1px\u00bb header_5_text_shadow_horizontal_length=\u00bbheader_5_text_shadow_style,%91object Object%93&#8243; header_5_text_shadow_horizontal_length_tablet=\u00bb0px\u00bb header_5_text_shadow_vertical_length=\u00bbheader_5_text_shadow_style,%91object Object%93&#8243; header_5_text_shadow_vertical_length_tablet=\u00bb0px\u00bb header_5_text_shadow_blur_strength=\u00bbheader_5_text_shadow_style,%91object Object%93&#8243; header_5_text_shadow_blur_strength_tablet=\u00bb1px\u00bb header_6_text_shadow_horizontal_length=\u00bbheader_6_text_shadow_style,%91object Object%93&#8243; header_6_text_shadow_horizontal_length_tablet=\u00bb0px\u00bb header_6_text_shadow_vertical_length=\u00bbheader_6_text_shadow_style,%91object Object%93&#8243; header_6_text_shadow_vertical_length_tablet=\u00bb0px\u00bb header_6_text_shadow_blur_strength=\u00bbheader_6_text_shadow_style,%91object Object%93&#8243; header_6_text_shadow_blur_strength_tablet=\u00bb1px\u00bb box_shadow_horizontal_tablet=\u00bb0px\u00bb box_shadow_vertical_tablet=\u00bb0px\u00bb box_shadow_blur_tablet=\u00bb40px\u00bb box_shadow_spread_tablet=\u00bb0px\u00bb vertical_offset_tablet=\u00bb0&#8243; horizontal_offset_tablet=\u00bb0&#8243; z_index_tablet=\u00bb0&#8243;]<\/p>\n<h2 style=\"text-align: center;\"><b>Objetivos de ProM\u00fasics Mallorca\u00a0<\/b><\/h2>\n<blockquote>\n<ul>\n<li>\n<p><span style=\"font-weight: 400;\"> Unir las fuerzas de las y los profesionales de la m\u00fasica a nivel insular y estatal para poder influir en modificar la actual legislaci\u00f3n y conseguir adecuar un marco laboral legal y fiscal vigente y espec\u00edfico para artistas, equipar\u00e1ndonos a los pa\u00edses del entorno Europeo, que proteja a las y los m\u00fasicos, obteniendo una estabilidad y respaldo a nivel de prestaci\u00f3n, jubilaci\u00f3n, ayudas y que tenga en cuenta la intermitencia, especificidad, compatibilidades y el furtivismo en esta profesi\u00f3n, eliminando as\u00ed la desprotecci\u00f3n y precariedad en el sector, ya que el marco laboral que existe ahora del Estatuto del Artista data de 1985 y es insuficiente.<\/span><\/p>\n<\/li>\n<\/ul>\n<\/blockquote>\n<blockquote>\n<ul>\n<li>\n<p><span style=\"font-weight: 400;\"> Proponer una oficina espec\u00edfica para Artistas, en la administraci\u00f3n del servicio p\u00fablico de empleo Estatal (Sepe), para evitar el laberinto burocr\u00e1tico.\u00a0<\/span><\/p>\n<\/li>\n<\/ul>\n<\/blockquote>\n<blockquote>\n<ul>\n<li>\n<p><span style=\"font-weight: 400;\"> Estipular a nivel local un cach\u00e9 m\u00ednimo, para evitar la contrataci\u00f3n abusiva y la competencia desleal, ya que al no existir un convenio espec\u00edfico del artista, se llega a tocar por sueldos inasumibles. Lo \u00fanico que est\u00e1 establecido en estos momentos es el convenio estatal del personal de salas de fiesta, baile y discotecas de Espa\u00f1a (que incluye m\u00fasicos), con 114,16 \u20ac por actuaci\u00f3n y pese a ser legal, la mayor\u00eda de veces no se cumple, y el problema es que se est\u00e1 regulando a trav\u00e9s de ese convenio que no es espec\u00edfico para artistas.\u00a0<\/span><\/p>\n<\/li>\n<\/ul>\n<\/blockquote>\n<blockquote>\n<ul>\n<li>\n<p><span style=\"font-weight: 400;\"> Tratar los problemas espec\u00edficos que tenemos dentro de Mallorca y promover la cultura en la isla, fomentando y colaborando con iniciativas culturales, consiguiendo subvenciones y apoyos de los ayuntamientos para que se realicen m\u00e1s conciertos tanto en espacios p\u00fablicos como en locales, bares, clubs, etc para favorecer la integraci\u00f3n de las y los profesionales de la m\u00fasica en la vida cultural de la zona.\u00a0<\/span><\/p>\n<\/li>\n<\/ul>\n<\/blockquote>\n<blockquote>\n<ul>\n<li>\n<p><span style=\"font-weight: 400;\"> Conseguir el reconocimiento digno de la importancia cultural de las y los m\u00fasicos. El sector musical de este pa\u00eds es un motor econ\u00f3mico muy importante que se tiene que valorar y que tiene una importancia enorme, a nivel emocional, social y econ\u00f3mico y resulta curioso y recurrente que siempre sea la cultura y la m\u00fasica lo primero que se recorte y se castigue.\u00a0<\/span><\/p>\n<\/li>\n<\/ul>\n<\/blockquote>\n<blockquote>\n<ul>\n<li>\n<p><span style=\"font-weight: 400;\"> Crear entre las y los m\u00fasicos una conciencia de colectivo, logrando una mayor cohesi\u00f3n para poder luchar por nuestros intereses y derechos, con la fuerza de la uni\u00f3n y el consenso.\u00a0<\/span><\/p>\n<\/li>\n<\/ul>\n<\/blockquote>\n<blockquote>\n<ul>\n<li>\n<p><span style=\"font-weight: 400;\"> Lograr convenios de colaboraci\u00f3n con compa\u00f1\u00edas de transporte y hosteler\u00eda, con la finalidad de hacer m\u00e1s asequible la promoci\u00f3n de los artistas asociados fuera de Mallorca.\u00a0<\/span><\/p>\n<\/li>\n<\/ul>\n<\/blockquote>\n<blockquote>\n<ul>\n<li>\n<p><span style=\"font-weight: 400;\"> Lograr convenios de colaboraci\u00f3n con entidades aseguradoras, bancos y empresas del sector (editoriales, instrumentos, estudios de grabaci\u00f3n, seguros de instrumento y de coche) para conseguir productos y servicios en condiciones especiales para el colectivo.\u00a0<\/span><\/p>\n<\/li>\n<\/ul>\n<\/blockquote>\n<blockquote>\n<ul>\n<li>\n<p><span style=\"font-weight: 400;\"> Nuestra labor tambi\u00e9n ser\u00e1 pedag\u00f3gica, para transmitir, ense\u00f1ar y mostrar la importancia que tiene la m\u00fasica de calidad para la sociedad de la mano de la cultura. La m\u00fasica es uno de los principales elementos para la formaci\u00f3n cultural, nos da una identidad, aumentando la riqueza que el ser humano compone y tiene gran influencia en las conductas y emociones.\u00a0<\/span><\/p>\n<\/li>\n<\/ul>\n<\/blockquote>\n<p>\u00a0<\/p>\n<p><span style=\"font-weight: 400;\">Todos estos objetivos, van a ir evolucionando permanentemente a trav\u00e9s de las necesidades espec\u00edficas que vayan surgiendo a ra\u00edz de escuchar atentamente a nuestra base de asociados, y a todas y todos quienes quieran aportar para el bien de nuestro colectivo.\u00a0<\/span><\/p>\n<p>\u00a0<\/p>\n<p style=\"text-align: right;\"><span style=\"font-weight: 400;\">Actualizado en <strong>Palma de Mallorca<\/strong> a fecha de <strong>13 junio 2020<\/strong> <\/span><\/p>\n<p>[\/et_pb_text][\/et_pb_column][\/et_pb_row][\/et_pb_section]<\/p>\n","protected":false},"excerpt":{"rendered":"<p>Objetivos de ProM\u00fasics Mallorca\u00a0 Unir las fuerzas de las y los profesionales de la m\u00fasica a nivel insular y estatal para poder influir en modificar la actual legislaci\u00f3n y conseguir adecuar un marco laboral legal y fiscal vigente y espec\u00edfico para artistas, equipar\u00e1ndonos a los pa\u00edses del entorno Europeo, que proteja a las y los [&hellip;]<\/p>\n","protected":false},"author":1,"featured_media":0,"parent":0,"menu_order":0,"comment_status":"closed","ping_status":"closed","template":"","meta":{"_et_pb_use_builder":"on","_et_pb_old_content":"","_et_gb_content_width":""},"yoast_head":"<!-- This site is optimized with the Yoast SEO Premium plugin v15.7 - https:\/\/yoast.com\/wordpress\/plugins\/seo\/ -->\n<title>Objetivos - ProM\u00fasics Mallorca<\/title>\n<meta name=\"robots\" content=\"index, follow, max-snippet:-1, max-image-preview:large, max-video-preview:-1\" \/>\n<link rel=\"canonical\" href=\"https:\/\/www.promusicsmallorca.org\/es\/objetivos\/\" \/>\n<meta property=\"og:locale\" content=\"es_ES\" \/>\n<meta property=\"og:type\" content=\"article\" \/>\n<meta property=\"og:title\" content=\"Objetivos - ProM\u00fasics Mallorca\" \/>\n<meta property=\"og:description\" content=\"Objetivos de ProM\u00fasics Mallorca\u00a0 Unir las fuerzas de las y los profesionales de la m\u00fasica a nivel insular y estatal para poder influir en modificar la actual legislaci\u00f3n y conseguir adecuar un marco laboral legal y fiscal vigente y espec\u00edfico para artistas, equipar\u00e1ndonos a los pa\u00edses del entorno Europeo, que proteja a las y los [&hellip;]\" \/>\n<meta property=\"og:url\" content=\"https:\/\/www.promusicsmallorca.org\/es\/objetivos\/\" \/>\n<meta property=\"og:site_name\" content=\"ProM\u00fasics Mallorca\" \/>\n<meta property=\"article:publisher\" content=\"https:\/\/www.facebook.com\/promusicsmallorca\" \/>\n<meta property=\"article:modified_time\" content=\"2021-02-22T09:05:57+00:00\" \/>\n<meta name=\"twitter:card\" content=\"summary_large_image\" \/>\n<meta name=\"twitter:label1\" content=\"Tiempo de lectura\">\n\t<meta name=\"twitter:data1\" content=\"6 minutos\">\n<script type=\"application\/ld+json\" class=\"yoast-schema-graph\">{\"@context\":\"https:\/\/schema.org\",\"@graph\":[{\"@type\":\"Organization\",\"@id\":\"https:\/\/www.promusicsmallorca.org\/#organization\",\"name\":\"ProM\\u00fasics Mallorca\",\"url\":\"https:\/\/www.promusicsmallorca.org\/\",\"sameAs\":[\"https:\/\/www.facebook.com\/promusicsmallorca\",\"https:\/\/www.instagram.com\/promusicsmallorca\/\",\"https:\/\/www.youtube.com\/channel\/UCWwttYA4JPovS2RZiGlHgpA\"],\"logo\":{\"@type\":\"ImageObject\",\"@id\":\"https:\/\/www.promusicsmallorca.org\/#logo\",\"inLanguage\":\"es\",\"url\":\"https:\/\/i0.wp.com\/www.promusicsmallorca.org\/wp-content\/uploads\/2021\/02\/image0.png?fit=10224%2C7725&ssl=1\",\"width\":10224,\"height\":7725,\"caption\":\"ProM\\u00fasics Mallorca\"},\"image\":{\"@id\":\"https:\/\/www.promusicsmallorca.org\/#logo\"}},{\"@type\":\"WebSite\",\"@id\":\"https:\/\/www.promusicsmallorca.org\/#website\",\"url\":\"https:\/\/www.promusicsmallorca.org\/\",\"name\":\"ProM\\u00fasics Mallorca\",\"description\":\"Associaci\\u00f3 de Professionals de la M\\u00fasica de Mallorca\",\"publisher\":{\"@id\":\"https:\/\/www.promusicsmallorca.org\/#organization\"},\"potentialAction\":[{\"@type\":\"SearchAction\",\"target\":\"https:\/\/www.promusicsmallorca.org\/?s={search_term_string}\",\"query-input\":\"required name=search_term_string\"}],\"inLanguage\":\"es\"},{\"@type\":\"WebPage\",\"@id\":\"https:\/\/www.promusicsmallorca.org\/es\/objetivos\/#webpage\",\"url\":\"https:\/\/www.promusicsmallorca.org\/es\/objetivos\/\",\"name\":\"Objetivos - ProM\\u00fasics Mallorca\",\"isPartOf\":{\"@id\":\"https:\/\/www.promusicsmallorca.org\/#website\"},\"datePublished\":\"2020-06-25T08:48:39+00:00\",\"dateModified\":\"2021-02-22T09:05:57+00:00\",\"inLanguage\":\"es\",\"potentialAction\":[{\"@type\":\"ReadAction\",\"target\":[\"https:\/\/www.promusicsmallorca.org\/es\/objetivos\/\"]}]}]}<\/script>\n<!-- \/ Yoast SEO Premium plugin. -->","jetpack_sharing_enabled":true,"jetpack_shortlink":"https:\/\/wp.me\/Pc8VbC-3P","_links":{"self":[{"href":"https:\/\/www.promusicsmallorca.org\/es\/wp-json\/wp\/v2\/pages\/237"}],"collection":[{"href":"https:\/\/www.promusicsmallorca.org\/es\/wp-json\/wp\/v2\/pages"}],"about":[{"href":"https:\/\/www.promusicsmallorca.org\/es\/wp-json\/wp\/v2\/types\/page"}],"author":[{"embeddable":true,"href":"https:\/\/www.promusicsmallorca.org\/es\/wp-json\/wp\/v2\/users\/1"}],"replies":[{"embeddable":true,"href":"https:\/\/www.promusicsmallorca.org\/es\/wp-json\/wp\/v2\/comments?post=237"}],"version-history":[{"count":0,"href":"https:\/\/www.promusicsmallorca.org\/es\/wp-json\/wp\/v2\/pages\/237\/revisions"}],"wp:attachment":[{"href":"https:\/\/www.promusicsmallorca.org\/es\/wp-json\/wp\/v2\/media?parent=237"}],"curies":[{"name":"wp","href":"https:\/\/api.w.org\/{rel}","templated":true}]}}